{"id":3307,"date":"2024-09-12T09:52:36","date_gmt":"2024-09-12T09:52:36","guid":{"rendered":"https:\/\/frozenchickenshop.com\/final\/?post_type=product&#038;p=3307"},"modified":"2026-04-21T18:21:31","modified_gmt":"2026-04-21T18:21:31","slug":"buy-frozen-chicken-feet-online","status":"publish","type":"product","link":"https:\/\/frozenchickenshop.com\/pl\/product\/buy-frozen-chicken-feet-online\/","title":{"rendered":"Mro\u017cone n\u00f3\u017cki kurczaka na sprzeda\u017c"},"content":{"rendered":"<h1>Kup mro\u017cone n\u00f3\u017cki kurczaka online - najwy\u017csza jako\u015b\u0107 z dostaw\u0105 pod same drzwi<\/h1>\n<p>Patrz\u0105c na <a href=\"https:\/\/frozenchickenshop.com\/pl\/produkt\/frozen-chicken-feet-for-sale\/\">Kup mro\u017cone udka z kurczaka online<\/a> do nast\u0119pnego tradycyjnego dania, leczniczego bulionu lub bogatego w kolagen przepisu? Nasze wysokiej jako\u015bci mro\u017cone udka z kurczaka pochodz\u0105ce z gospodarstw rolnych oferuj\u0105 wyj\u0105tkowy smak, warto\u015bci od\u017cywcze i wygod\u0119 - a wszystko to w niskiej cenie mro\u017conych udek z kurczaka, kt\u00f3ra nie obni\u017ca jako\u015bci.<\/p>\n<h3>Dlaczego ludzie kochaj\u0105 kurze \u0142apki<\/h3>\n<p>N\u00f3\u017cki kurczaka s\u0105 podstaw\u0105 wielu \u015bwiatowych kuchni - uwielbiane w chi\u0144skim dim sum, filipi\u0144skim adobo, afryka\u0144skich zupach i od\u017cywczych bulionach kostnych. Opr\u00f3cz wyrazistego smaku i ci\u0105gn\u0105cej si\u0119 konsystencji, s\u0105 one bogate w kolagen i \u017celatyn\u0119, kt\u00f3re wspieraj\u0105 zdrowie staw\u00f3w, elastyczno\u015b\u0107 sk\u00f3ry i zdrowie jelit.<\/p>\n<h3>Dlaczego warto zamawia\u0107 mro\u017cone n\u00f3\u017cki kurczaka online?<\/h3>\n<p>Zamawianie online oznacza koniec z polowaniem na specjalistyczne rynki lub radzeniem sobie z ograniczon\u0105 lokaln\u0105 poda\u017c\u0105. Zamawiaj\u0105c mro\u017cone n\u00f3\u017cki kurczaka online, mo\u017cesz cieszy\u0107 si\u0119:<\/p>\n<ul>\n<li>\u0141atwy dost\u0119p do \u015bwie\u017co mro\u017conych produkt\u00f3w specjalnych<\/li>\n<li>Szeroki zakres opcji pakowania (luzem, przyci\u0119te, oczyszczone)<\/li>\n<li>Produkty dostarczane w stanie zamro\u017conym, w stanie najwy\u017cszej \u015bwie\u017co\u015bci, prosto pod Twoje drzwi.<\/li>\n<\/ul>\n<p>To inteligentny i wygodny spos\u00f3b na cieszenie si\u0119 tradycyjnymi smakami bez wychodzenia z domu.<\/p>\n<h3>Jak wybra\u0107 wysokiej jako\u015bci mro\u017cone udka z kurczaka?<\/h3>\n<p>Podczas zakup\u00f3w online zawsze szukaj:<\/p>\n<ul>\n<li>Przezroczyste opakowanie bez \u015blad\u00f3w przypalenia<\/li>\n<li>Certyfikaty takie jak USDA-inspectected, organic lub halal<\/li>\n<li>Szczeg\u00f3\u0142y dotycz\u0105ce kraju pochodzenia i reputacji dostawcy<\/li>\n<\/ul>\n<p>Nasze mro\u017cone udka z kurczaka s\u0105 dok\u0142adnie czyszczone, przycinane i b\u0142yskawicznie zamra\u017cane, aby zachowa\u0107 jako\u015b\u0107 od gospodarstwa do zamra\u017carki.<\/p>\n<h3>Najlepsze miejsca do zakupu mro\u017conych n\u00f3\u017cek kurczaka online<\/h3>\n<p>Znalezienie najlepszego miejsca do zakupu Mro\u017cone udka z kurczaka jest prostsze ni\u017c kiedykolwiek. Kupuj z pewno\u015bci\u0105:<\/p>\n<ul>\n<li>Etniczne sklepy spo\u017cywcze specjalizuj\u0105ce si\u0119 w kuchni azjatyckiej, afryka\u0144skiej lub latynoskiej<\/li>\n<li>Internetowe sklepy mi\u0119sne z bezpo\u015brednim zaopatrzeniem z gospodarstw rolnych<\/li>\n<li>Zaufane platformy handlowe, takie jak Amazon Fresh, Instacart i Weee! kt\u00f3re oferuj\u0105 konkurencyjne ceny i niezawodn\u0105 dostaw\u0119.<\/li>\n<\/ul>\n<h3>Podsumowanie: Tradycyjny ulubiony produkt w prosty spos\u00f3b<\/h3>\n<p>Niezale\u017cnie od tego, czy chcesz odtworzy\u0107 rodzinny przepis, czy te\u017c szukasz kolagenu wzmacniaj\u0105cego sk\u00f3r\u0119, mro\u017cone udka z kurczaka to smaczny, niedrogi i bogaty w sk\u0142adniki od\u017cywcze wyb\u00f3r. Decyduj\u0105c si\u0119 na zakup mro\u017conych udek z kurczaka online, zyskujesz wygod\u0119, wyb\u00f3r i \u015bwie\u017co\u015b\u0107 przy ka\u017cdym zam\u00f3wieniu <a href=\"https:\/\/en.wikipedia.org\/wiki\/Chicken_feet\" target=\"_blank\" rel=\"noopener\">zamro\u017cony<\/a>.<\/p>\n<p>Nie przegap okazji - zam\u00f3w mro\u017cone udka z kurczaka online ju\u017c dzi\u015b i poznaj autentyczny smak oraz korzy\u015bci zdrowotne prosto z w\u0142asnej kuchni.<\/p>","protected":false},"excerpt":{"rendered":"<h4 style=\"text-align: center;\">Mro\u017cone n\u00f3\u017cki kurczaka na sprzeda\u017c<\/h4>\n<hr \/>\n<p>Odkryj nasze mro\u017cone kurze \u0142apki, wyj\u0105tkowy sk\u0142adnik pe\u0142en smaku i kolagenu. Idealne do wzbogacania zup i gulaszy<a href=\"http:\/\/facebook.com\">,<\/a> te kurze \u0142apki s\u0105 mro\u017cone, aby zachowa\u0107 ich \u015bwie\u017co\u015b\u0107 i jako\u015b\u0107. Podstawowy sk\u0142adnik wielu kuchni, stanowi\u0105cy po\u017cywny i smaczny dodatek do potraw. <a href=\"https:\/\/frozenchickenshop.com\/pl\/produkt\/frozen-chicken-breast-skinless\/\">posi\u0142ki<\/a>. Zam\u00f3w teraz, aby uzyska\u0107 wyj\u0105tkowe doznania kulinarne!<\/p>","protected":false},"featured_media":3328,"comment_status":"open","ping_status":"closed","template":"","meta":{"_joinchat":[]},"product_brand":[],"product_cat":[46],"product_tag":[],"class_list":{"0":"post-3307","1":"product","2":"type-product","3":"status-publish","4":"has-post-thumbnail","6":"product_cat-frozen-chicken","8":"first","9":"instock","10":"shipping-taxable","11":"purchasable","12":"product-type-variable","13":"has-default-attributes"},"_links":{"self":[{"href":"https:\/\/frozenchickenshop.com\/pl\/wp-json\/wp\/v2\/product\/3307","targetHints":{"allow":["GET"]}}],"collection":[{"href":"https:\/\/frozenchickenshop.com\/pl\/wp-json\/wp\/v2\/product"}],"about":[{"href":"https:\/\/frozenchickenshop.com\/pl\/wp-json\/wp\/v2\/types\/product"}],"replies":[{"embeddable":true,"href":"https:\/\/frozenchickenshop.com\/pl\/wp-json\/wp\/v2\/comments?post=3307"}],"version-history":[{"count":0,"href":"https:\/\/frozenchickenshop.com\/pl\/wp-json\/wp\/v2\/product\/3307\/revisions"}],"wp:featuredmedia":[{"embeddable":true,"href":"https:\/\/frozenchickenshop.com\/pl\/wp-json\/wp\/v2\/media\/3328"}],"wp:attachment":[{"href":"https:\/\/frozenchickenshop.com\/pl\/wp-json\/wp\/v2\/media?parent=3307"}],"wp:term":[{"taxonomy":"product_brand","embeddable":true,"href":"https:\/\/frozenchickenshop.com\/pl\/wp-json\/wp\/v2\/product_brand?post=3307"},{"taxonomy":"product_cat","embeddable":true,"href":"https:\/\/frozenchickenshop.com\/pl\/wp-json\/wp\/v2\/product_cat?post=3307"},{"taxonomy":"product_tag","embeddable":true,"href":"https:\/\/frozenchickenshop.com\/pl\/wp-json\/wp\/v2\/product_tag?post=3307"}],"curies":[{"name":"wp","href":"https:\/\/api.w.org\/{rel}","templated":true}]}}