{"id":3289,"date":"2024-09-12T09:52:35","date_gmt":"2024-09-12T09:52:35","guid":{"rendered":"https:\/\/frozenchickenshop.com\/final\/?post_type=product&#038;p=3289"},"modified":"2025-05-29T13:02:01","modified_gmt":"2025-05-29T13:02:01","slug":"frozen-chicken-liver-for-sale","status":"publish","type":"product","link":"https:\/\/frozenchickenshop.com\/pl\/produkt\/frozen-chicken-liver-for-sale\/","title":{"rendered":"Mro\u017cona w\u0105tr\u00f3bka z kurczaka na sprzeda\u017c"},"content":{"rendered":"<h1>Kup mro\u017cone w\u0105tr\u00f3bki z kurczaka online - bogate w sk\u0142adniki od\u017cywcze i doskonale zakonserwowane<\/h1>\n<p>Patrz\u0105c na <a href=\"https:\/\/frozenchickenshop.com\/pl\/produkt\/frozen-chicken-liver-for-sale\/\">Kup mro\u017con\u0105 w\u0105tr\u00f3bk\u0119 z kurczaka online<\/a> na nast\u0119pny obfity posi\u0142ek, tradycyjny przepis lub bogate w sk\u0142adniki od\u017cywcze danie? Nasza najwy\u017cszej jako\u015bci mro\u017cona w\u0105tr\u00f3bka z kurczaka na sprzeda\u017c jest b\u0142yskawicznie mro\u017cona w szczytowej \u015bwie\u017co\u015bci, aby zachowa\u0107 smak i warto\u015bci od\u017cywcze - gotowa do dostawy prosto do domu.<\/p>\n<h3>Dlaczego warto wybra\u0107 w\u0105tr\u00f3bk\u0119 z kurczaka?<\/h3>\n<p>W\u0105tr\u00f3bka drobiowa jest nie tylko smaczna, ale tak\u017ce bogata w sk\u0142adniki od\u017cywcze. Bogata w \u017celazo, witamin\u0119 A, witamin\u0119 B12 i wysokiej jako\u015bci bia\u0142ko, wspomaga energi\u0119, odporno\u015b\u0107 i og\u00f3lne samopoczucie. W\u0105tr\u00f3bka drobiowa, b\u0119d\u0105ca podstaw\u0105 kuchni na ca\u0142ym \u015bwiecie, od francuskich pasztet\u00f3w po azjatyckie frytki i wschodnioeuropejskie pasty do smarowania, jest zar\u00f3wno wszechstronna, jak i przyjazna dla bud\u017cetu.<\/p>\n<p>Niezale\u017cnie od tego, czy jeste\u015b domowym kucharzem, czy kulinarnym entuzjast\u0105, to niedrogie mi\u0119so organowe zapewnia smak dla smakoszy w niskiej cenie mro\u017conej w\u0105tr\u00f3bki z kurczaka.<\/p>\n<h3>Dlaczego warto zamawia\u0107 mro\u017con\u0105 w\u0105tr\u00f3bk\u0119 z kurczaka online?<\/h3>\n<p>Zamawiaj\u0105c mro\u017con\u0105 w\u0105tr\u00f3bk\u0119 z kurczaka online, zyskujesz co\u015b wi\u0119cej ni\u017c tylko wygod\u0119:<\/p>\n<ul>\n<li>Dost\u0119p do specjalnych mi\u0119s organowych, kt\u00f3re mog\u0105 by\u0107 trudne do znalezienia lokalnie<\/li>\n<li>Konkurencyjne ceny hurtowe i ekskluzywne oferty online<\/li>\n<li>Konserwacja w stanie zamro\u017conym zapewnia d\u0142u\u017cszy okres trwa\u0142o\u015bci i zero odpad\u00f3w<\/li>\n<li>Dostarczane w pr\u00f3\u017cniowo zamkni\u0119tych opakowaniach z kontrolowanymi porcjami dla \u0142atwego u\u017cycia<\/li>\n<\/ul>\n<p>Idealny do przygotowywania posi\u0142k\u00f3w, rodzinnych obiad\u00f3w lub gotowania w partiach.<\/p>\n<h3>Jak wybra\u0107 wysokiej jako\u015bci mro\u017con\u0105 w\u0105tr\u00f3bk\u0119 z kurczaka?<\/h3>\n<p>Inteligentni kupuj\u0105cy szukaj\u0105:<\/p>\n<ul>\n<li>Jasny, r\u00f3wnomierny kolor i g\u0142adka konsystencja (oznaki \u015bwie\u017co\u015bci)<\/li>\n<li>Zamkni\u0119te pr\u00f3\u017cniowo lub szczelnie owini\u0119te opakowanie, aby zapobiec poparzeniu zamra\u017carki<\/li>\n<li>Produkty kontrolowane przez USDA z wyra\u017anie oznaczonym pochodzeniem i danymi dostawcy<\/li>\n<\/ul>\n<p>W\u0105tr\u00f3bk\u0119 drobiow\u0105 pozyskujemy z odpowiedzialnych gospodarstw, bez dodatku hormon\u00f3w i sztucznych konserwant\u00f3w, dzi\u0119ki czemu dok\u0142adnie wiesz, czym karmisz swoj\u0105 rodzin\u0119.<\/p>\n<h3>Najlepsze miejsca do zakupu mro\u017conej w\u0105tr\u00f3bki z kurczaka online<\/h3>\n<p>Zastanawiasz si\u0119, gdzie najlepiej kupi\u0107 Mro\u017cona w\u0105tr\u00f3bka z kurczaka?<\/p>\n<p>Eksploruj:<\/p>\n<ul>\n<li>Zaufani rze\u017anicy online i dostawcy mi\u0119sa specjalizuj\u0105cy si\u0119 w mi\u0119sach organowych<\/li>\n<li>Renomowane etniczne sklepy spo\u017cywcze oferuj\u0105ce produkty halal lub wschodnioeuropejskie<\/li>\n<li>Wiod\u0105ce rynki, takie jak Amazon Fresh, Instacart lub Weee! z szybk\u0105 dostaw\u0105 mro\u017conek.<\/li>\n<\/ul>\n<p>Wszystkie oferuj\u0105 bezpieczne p\u0142atno\u015bci, niezawodn\u0105 wysy\u0142k\u0119 i gwarancj\u0119 jako\u015bci.<\/p>\n<h3>Wnioski: Zdrowe, obfite i dostarczane z \u0142atwo\u015bci\u0105<\/h3>\n<p>W\u0105tr\u00f3bka drobiowa oferuje idealne po\u0142\u0105czenie warto\u015bci od\u017cywczych, przyst\u0119pnej ceny i wszechstronno\u015bci kulinarnej. Decyduj\u0105c si\u0119 na zakup <a href=\"https:\/\/en.wikipedia.org\/wiki\/Liver_(food)\" target=\"_blank\" rel=\"noopener\">Mro\u017cony kurczak<\/a> W\u0105troba online to wygodny, wysokiej jako\u015bci produkt, kt\u00f3ry wspiera zdrowie i pasuje do ka\u017cdego bud\u017cetu.<\/p>\n<p>Niezale\u017cnie od tego, czy tworzysz klasyczne, komfortowe jedzenie, czy eksperymentujesz z odwa\u017cnymi, globalnymi smakami, nadszed\u0142 czas, aby odkry\u0107 bogaty smak w\u0105tr\u00f3bki drobiowej.<br \/>\nZam\u00f3w mro\u017con\u0105 w\u0105tr\u00f3bk\u0119 z kurczaka przez Internet ju\u017c dzi\u015b, aby za pomoc\u0105 kilku klikni\u0119\u0107 wprowadzi\u0107 do swojej kuchni pe\u0142nowarto\u015bciowe, bogate w sk\u0142adniki od\u017cywcze posi\u0142ki.<\/p>","protected":false},"excerpt":{"rendered":"<h4 style=\"text-align: center;\">\u015awie\u017ce i wysokiej jako\u015bci mro\u017cone w\u0105tr\u00f3bki z kurczaka na sprzeda\u017c<\/h4>\n<hr \/>\n<p>Poznaj nasz\u0105 \u015bwie\u017c\u0105 w\u0105tr\u00f3bk\u0119 drobiow\u0105, bogat\u0105 w niezb\u0119dne sk\u0142adniki od\u017cywcze i idealn\u0105 do r\u00f3\u017cnych potraw. Idealna do przyrz\u0105dzania pasztet\u00f3w, frytek lub dodawania do obfitych posi\u0142k\u00f3w, nasza w\u0105tr\u00f3bka drobiowa jest pozyskiwana z my\u015bl\u0105 o jako\u015bci i smaku.<\/p>","protected":false},"featured_media":3319,"comment_status":"open","ping_status":"closed","template":"","meta":{"_joinchat":[]},"product_brand":[],"product_cat":[46],"product_tag":[],"class_list":{"0":"post-3289","1":"product","2":"type-product","3":"status-publish","4":"has-post-thumbnail","6":"product_cat-frozen-chicken","8":"first","9":"instock","10":"shipping-taxable","11":"purchasable","12":"product-type-variable","13":"has-default-attributes"},"_links":{"self":[{"href":"https:\/\/frozenchickenshop.com\/pl\/wp-json\/wp\/v2\/product\/3289","targetHints":{"allow":["GET"]}}],"collection":[{"href":"https:\/\/frozenchickenshop.com\/pl\/wp-json\/wp\/v2\/product"}],"about":[{"href":"https:\/\/frozenchickenshop.com\/pl\/wp-json\/wp\/v2\/types\/product"}],"replies":[{"embeddable":true,"href":"https:\/\/frozenchickenshop.com\/pl\/wp-json\/wp\/v2\/comments?post=3289"}],"version-history":[{"count":0,"href":"https:\/\/frozenchickenshop.com\/pl\/wp-json\/wp\/v2\/product\/3289\/revisions"}],"wp:featuredmedia":[{"embeddable":true,"href":"https:\/\/frozenchickenshop.com\/pl\/wp-json\/wp\/v2\/media\/3319"}],"wp:attachment":[{"href":"https:\/\/frozenchickenshop.com\/pl\/wp-json\/wp\/v2\/media?parent=3289"}],"wp:term":[{"taxonomy":"product_brand","embeddable":true,"href":"https:\/\/frozenchickenshop.com\/pl\/wp-json\/wp\/v2\/product_brand?post=3289"},{"taxonomy":"product_cat","embeddable":true,"href":"https:\/\/frozenchickenshop.com\/pl\/wp-json\/wp\/v2\/product_cat?post=3289"},{"taxonomy":"product_tag","embeddable":true,"href":"https:\/\/frozenchickenshop.com\/pl\/wp-json\/wp\/v2\/product_tag?post=3289"}],"curies":[{"name":"wp","href":"https:\/\/api.w.org\/{rel}","templated":true}]}}