{"id":3307,"date":"2024-09-12T09:52:36","date_gmt":"2024-09-12T09:52:36","guid":{"rendered":"https:\/\/frozenchickenshop.com\/final\/?post_type=product&#038;p=3307"},"modified":"2026-04-21T18:21:31","modified_gmt":"2026-04-21T18:21:31","slug":"buy-frozen-chicken-feet-online","status":"publish","type":"product","link":"https:\/\/frozenchickenshop.com\/it\/product\/buy-frozen-chicken-feet-online\/","title":{"rendered":"Piedi di pollo congelati in vendita"},"content":{"rendered":"<h1>Acquista online piedini di pollo surgelati - Qualit\u00e0 premium, consegnati a domicilio<\/h1>\n<p>Guardando a <a href=\"https:\/\/frozenchickenshop.com\/it\/prodotto\/frozen-chicken-feet-for-sale\/\">acquistare Piedi di pollo congelati online<\/a> per il vostro prossimo piatto tradizionale, brodo curativo o ricetta ricca di collagene? I nostri piedini di pollo surgelati di alta qualit\u00e0 e di provenienza agricola in vendita offrono un sapore, una nutrizione e una praticit\u00e0 eccezionali, il tutto a un prezzo economico che non scende a compromessi sulla qualit\u00e0.<\/p>\n<h3>Perch\u00e9 la gente ama i piedi di pollo<\/h3>\n<p>Le zampe di pollo sono un alimento fondamentale in molte cucine globali: amate nei dim sum cinesi, negli adobo filippini, nelle zuppe africane e nei nutrienti brodi di ossa. Oltre al loro sapore deciso e alla consistenza gommosa, sono ricchi di collagene e gelatina, che favoriscono la salute delle articolazioni, l'elasticit\u00e0 della pelle e il benessere dell'intestino.<\/p>\n<h3>Perch\u00e9 ordinare online i Piedi di pollo congelati?<\/h3>\n<p>Ordinare online significa non dover pi\u00f9 andare a cercare nei mercati specializzati o avere a che fare con forniture locali limitate. Ordinando online i Piedi di Pollo Surgelati, potrete godere di:<\/p>\n<ul>\n<li>Facile accesso a tagli speciali freschi e congelati<\/li>\n<li>Un'ampia gamma di opzioni di confezionamento (sfuso, rifilato, pulito)<\/li>\n<li>Prodotti consegnati congelati al massimo della freschezza, direttamente a casa vostra.<\/li>\n<\/ul>\n<p>\u00c8 il modo intelligente e conveniente per gustare i sapori tradizionali senza uscire di casa.<\/p>\n<h3>Come scegliere piedini di pollo congelati di qualit\u00e0<\/h3>\n<p>Quando si fanno acquisti online, cercare sempre:<\/p>\n<ul>\n<li>Confezione trasparente senza segni di bruciature da congelamento<\/li>\n<li>Certificazioni come l'ispezione USDA, il biologico o l'halal.<\/li>\n<li>Dettagli sul paese di origine e sulla reputazione del fornitore<\/li>\n<\/ul>\n<p>Le nostre zampe di pollo congelate sono accuratamente pulite, rifilate e surgelate per garantire la qualit\u00e0 dall'allevamento al congelatore.<\/p>\n<h3>I migliori posti dove comprare online i piedini di pollo congelati<\/h3>\n<p>Trovare il miglior posto per comprare Piedi di pollo congelati \u00e8 pi\u00f9 facile che mai. Acquistate con fiducia con:<\/p>\n<ul>\n<li>Negozi di alimentari etnici specializzati in cucina asiatica, africana o latina.<\/li>\n<li>Macellerie online con approvvigionamento diretto dalle aziende agricole<\/li>\n<li>Mercati affidabili come Amazon Fresh, Instacart e Weee! che offrono prezzi competitivi e consegne affidabili.<\/li>\n<\/ul>\n<h3>Conclusione: Un piatto tradizionale preferito reso facile<\/h3>\n<p>Che si tratti di ricreare una ricetta di famiglia o di cercare i benefici del collagene per la pelle, le piedine di pollo surgelate sono una scelta gustosa, conveniente e ricca di sostanze nutritive. Scegliendo di acquistare online le piedine di pollo surgelate, avrete a disposizione convenienza, selezione e freschezza per ogni ordine. <a href=\"https:\/\/en.wikipedia.org\/wiki\/Chicken_feet\" target=\"_blank\" rel=\"noopener\">congelato<\/a>.<\/p>\n<p>Non perdete l'occasione: ordinate oggi stesso i Piedi di pollo surgelati online e provate il gusto autentico e i benefici per la salute direttamente dalla vostra cucina.<\/p>","protected":false},"excerpt":{"rendered":"<h4 style=\"text-align: center;\">Piedi di pollo congelati in vendita<\/h4>\n<hr \/>\n<p>Scoprite le nostre zampe di pollo surgelate, un ingrediente unico ricco di sapore e collagene. Perfette per arricchire zuppe e stufati<a href=\"http:\/\/facebook.com\">,<\/a> Queste zampe di pollo sono congelate per mantenere la loro freschezza e qualit\u00e0. Ingrediente base di molte cucine, offrono un'aggiunta nutriente e gustosa alla vostra cucina. <a href=\"https:\/\/frozenchickenshop.com\/it\/prodotto\/frozen-chicken-breast-skinless\/\">pasti<\/a>. Ordinate subito per un'esperienza culinaria unica!<\/p>","protected":false},"featured_media":3328,"comment_status":"open","ping_status":"closed","template":"","meta":{"_joinchat":[]},"product_brand":[],"product_cat":[46],"product_tag":[],"class_list":{"0":"post-3307","1":"product","2":"type-product","3":"status-publish","4":"has-post-thumbnail","6":"product_cat-frozen-chicken","8":"first","9":"instock","10":"shipping-taxable","11":"purchasable","12":"product-type-variable","13":"has-default-attributes"},"_links":{"self":[{"href":"https:\/\/frozenchickenshop.com\/it\/wp-json\/wp\/v2\/product\/3307","targetHints":{"allow":["GET"]}}],"collection":[{"href":"https:\/\/frozenchickenshop.com\/it\/wp-json\/wp\/v2\/product"}],"about":[{"href":"https:\/\/frozenchickenshop.com\/it\/wp-json\/wp\/v2\/types\/product"}],"replies":[{"embeddable":true,"href":"https:\/\/frozenchickenshop.com\/it\/wp-json\/wp\/v2\/comments?post=3307"}],"version-history":[{"count":0,"href":"https:\/\/frozenchickenshop.com\/it\/wp-json\/wp\/v2\/product\/3307\/revisions"}],"wp:featuredmedia":[{"embeddable":true,"href":"https:\/\/frozenchickenshop.com\/it\/wp-json\/wp\/v2\/media\/3328"}],"wp:attachment":[{"href":"https:\/\/frozenchickenshop.com\/it\/wp-json\/wp\/v2\/media?parent=3307"}],"wp:term":[{"taxonomy":"product_brand","embeddable":true,"href":"https:\/\/frozenchickenshop.com\/it\/wp-json\/wp\/v2\/product_brand?post=3307"},{"taxonomy":"product_cat","embeddable":true,"href":"https:\/\/frozenchickenshop.com\/it\/wp-json\/wp\/v2\/product_cat?post=3307"},{"taxonomy":"product_tag","embeddable":true,"href":"https:\/\/frozenchickenshop.com\/it\/wp-json\/wp\/v2\/product_tag?post=3307"}],"curies":[{"name":"wp","href":"https:\/\/api.w.org\/{rel}","templated":true}]}}