{"id":3302,"date":"2024-09-12T09:52:36","date_gmt":"2024-09-12T09:52:36","guid":{"rendered":"https:\/\/frozenchickenshop.com\/final\/?post_type=product&#038;p=3302"},"modified":"2026-04-16T14:25:15","modified_gmt":"2026-04-16T14:25:15","slug":"frozen-chicken-drumstick-for-sale","status":"publish","type":"product","link":"https:\/\/frozenchickenshop.com\/it\/prodotto\/frozen-chicken-drumstick-for-sale\/","title":{"rendered":"Bacchetta di pollo congelata in vendita"},"content":{"rendered":"<h1>Acquista online i bastoncini di pollo surgelati - ricchi di sapore, adatti alla famiglia e pronti per il freezer<\/h1>\n<h3>La guida completa all'acquisto di bacchette di pollo congelate online<\/h3>\n<p>Cercate una proteina economica, saporita e versatile per il vostro prossimo pasto? Le bacchette di pollo surgelate sono un'ottima soluzione su tutti i fronti: gusto ricco, consistenza succosa e valore incredibile. Sia che stiate preparando una cena in settimana, che stiate facendo una grigliata nel fine settimana o che stiate facendo scorta per pasti in quantit\u00e0, le bacchette di pollo surgelate sono un must del freezer.<\/p>\n<p>Con l'avvento della spesa online, \u00e8 pi\u00f9 facile che mai fare la spesa. <a href=\"https:\/\/frozenchickenshop.com\/it\/prodotto\/frozen-chicken-drumstick-for-sale\/\">acquistare online le bacchette di pollo congelate<\/a>-Con consegne rapide, qualit\u00e0 eccellente e spesso prezzi migliori rispetto al negozio.<\/p>\n<h3>Cosa sono le bacchette di pollo surgelate?<\/h3>\n<p>I fusi di pollo sono un classico preferito per un motivo ben preciso. Questo taglio di carne scura, tipicamente con osso e pelle, offre un sapore deciso e rimane umido durante la cottura. Congelate al massimo della loro freschezza, queste bacchette sono perfette per ogni tipo di cottura, dal barbecue al curry.<\/p>\n<h3>Vantaggi principali:<\/h3>\n<ul>\n<li>Naturalmente ricco di sapore e proteine<\/li>\n<li>Trattiene bene l'umidit\u00e0: ottimo per cuocere al forno, grigliare o friggere.<\/li>\n<li>Amato nelle cucine globali: BBQ americano, marinate in stile asiatico, jerk caraibico e molto altro.<\/li>\n<\/ul>\n<h3>Perch\u00e9 acquistare online i bastoncini di pollo surgelati?<\/h3>\n<p>Ordinare carne online non \u00e8 solo conveniente, \u00e8 anche intelligente. Ecco perch\u00e9 sempre pi\u00f9 acquirenti scelgono di ordinare online i fusi di pollo surgelati:<\/p>\n<p><strong>Comodit\u00e0 per risparmiare tempo<\/strong><\/p>\n<p>Saltate il negozio: fatevi consegnare il pollo congelato e pronto per essere usato quando volete.<\/p>\n<p><strong>Qualit\u00e0 premium e confezione sicura<\/strong><\/p>\n<p>La maggior parte delle opzioni online sono sigillate sottovuoto e surgelate singolarmente (IQF) per mantenere il sapore, la consistenza e la sicurezza alimentare.<\/p>\n<p><strong>Pi\u00f9 scelte, migliori offerte<\/strong><\/p>\n<p>Trovate bacchette di pollo congelate in vendita da marchi affidabili, fornitori biologici e opzioni direttamente dall'azienda agricola. Inoltre, approfittate di sconti e pacchetti esclusivi online.<\/p>\n<h3>Come scegliere le migliori bacchette congelate online<\/h3>\n<p>Ecco cosa cercare quando si confrontano gli annunci:<\/p>\n<p><strong>Imballaggio e freschezza:<\/strong> Scegliete bacchette sigillate sottovuoto ed etichettate con data di congelamento e peso.<\/p>\n<p><strong>Approvvigionamento:<\/strong> Preferire opzioni senza antibiotici, senza ormoni o biologiche, quando possibile.<\/p>\n<p><strong>Certificazioni ed etichette:<\/strong> Cercate l'ispezione dell'USDA, le indicazioni di allevamento all'aperto o sostenibile.<\/p>\n<p><strong>Recensioni dei clienti:<\/strong> I feedback reali degli acquirenti vi aiutano a valutare il gusto, la consistenza e la qualit\u00e0 dell'imballaggio.<\/p>\n<p>E se siete a caccia di valore, assicuratevi di confrontare il prezzo per libbra per ottenere il prezzo pi\u00f9 economico di Chicken Drumsticks congelati senza compromettere la qualit\u00e0.<\/p>\n<h3>Dove ordinare online le bacchette di pollo surgelate?<\/h3>\n<p>Stai cercando il posto migliore per acquistare i bastoncini di pollo surgelati? Queste piattaforme online affidabili offrono qualit\u00e0 e convenienza:<\/p>\n<ul>\n<li><strong>Amazon Fresh<\/strong> - Grande selezione e consegna veloce in molte regioni<\/li>\n<li><strong>ButcherBox<\/strong> - Carne di provenienza etica e di alta qualit\u00e0 con possibilit\u00e0 di abbonamento<\/li>\n<li><strong>Applicazioni per la consegna di generi alimentari a livello locale<\/strong> (Instacart, Walmart+) - Evasione rapida dai negozi vicini<\/li>\n<\/ul>\n<p>Ognuno di essi offre vantaggi diversi: se apprezzate l'approvvigionamento premium o la consegna il giorno successivo, c'\u00e8 un'opzione che fa al caso vostro.<\/p>\n<h3>Conclusione: Ordinare oggi online i bastoncini di pollo congelati<\/h3>\n<p>Succosi, versatili e convenienti, i fuselli di pollo surgelati sono un'aggiunta intelligente a qualsiasi congelatore. Sia che stiate pianificando i pasti per la settimana, sia che dobbiate sfamare una folla nel giorno della partita, questi tagli saporiti soddisfano tutte le esigenze.<\/p>\n<p>Facile da preparare<br \/>\nPieno di sapore<br \/>\nConsegnato <a href=\"https:\/\/en.wikipedia.org\/wiki\/Drumstick_(frozen_dairy_dessert)\" target=\"_blank\" rel=\"noopener\">congelato<\/a>fresco e pronto per essere cucinato<\/p>\n<p>Non aspettate: esplorate i migliori fornitori e acquistate oggi stesso i bastoncini di pollo surgelati online. Godetevi la convenienza, la qualit\u00e0 e il valore imbattibile, il tutto comodamente dalla vostra cucina.<\/p>","protected":false},"excerpt":{"rendered":"<h4 style=\"text-align: center;\">Acquista online bacchette di pollo surgelate fresche e di prima qualit\u00e0<\/h4>\n<hr \/>\n<p>Concedetevi le nostre succose cosce di pollo surgelate, ideali per una variet\u00e0 di piatti. Perfette per grigliate, arrosti o <a href=\"https:\/\/frozenchickenshop.com\/it\/prodotto\/frozen-chicken-drumstick-for-sale\/\">frittura<\/a>Queste bacchette sono congelate per mantenere il loro sapore ricco e la loro tenerezza. Ottima fonte di proteine, sono comode e facili da preparare per i pasti in famiglia o per le riunioni. Godetevi la qualit\u00e0 premium in ogni boccone!<\/p>","protected":false},"featured_media":3651,"comment_status":"open","ping_status":"closed","template":"","meta":{"_joinchat":[]},"product_brand":[],"product_cat":[46],"product_tag":[],"class_list":{"0":"post-3302","1":"product","2":"type-product","3":"status-publish","4":"has-post-thumbnail","6":"product_cat-frozen-chicken","8":"first","9":"instock","10":"shipping-taxable","11":"purchasable","12":"product-type-variable","13":"has-default-attributes"},"_links":{"self":[{"href":"https:\/\/frozenchickenshop.com\/it\/wp-json\/wp\/v2\/product\/3302","targetHints":{"allow":["GET"]}}],"collection":[{"href":"https:\/\/frozenchickenshop.com\/it\/wp-json\/wp\/v2\/product"}],"about":[{"href":"https:\/\/frozenchickenshop.com\/it\/wp-json\/wp\/v2\/types\/product"}],"replies":[{"embeddable":true,"href":"https:\/\/frozenchickenshop.com\/it\/wp-json\/wp\/v2\/comments?post=3302"}],"version-history":[{"count":0,"href":"https:\/\/frozenchickenshop.com\/it\/wp-json\/wp\/v2\/product\/3302\/revisions"}],"wp:featuredmedia":[{"embeddable":true,"href":"https:\/\/frozenchickenshop.com\/it\/wp-json\/wp\/v2\/media\/3651"}],"wp:attachment":[{"href":"https:\/\/frozenchickenshop.com\/it\/wp-json\/wp\/v2\/media?parent=3302"}],"wp:term":[{"taxonomy":"product_brand","embeddable":true,"href":"https:\/\/frozenchickenshop.com\/it\/wp-json\/wp\/v2\/product_brand?post=3302"},{"taxonomy":"product_cat","embeddable":true,"href":"https:\/\/frozenchickenshop.com\/it\/wp-json\/wp\/v2\/product_cat?post=3302"},{"taxonomy":"product_tag","embeddable":true,"href":"https:\/\/frozenchickenshop.com\/it\/wp-json\/wp\/v2\/product_tag?post=3302"}],"curies":[{"name":"wp","href":"https:\/\/api.w.org\/{rel}","templated":true}]}}