{"id":3303,"date":"2024-09-12T09:52:36","date_gmt":"2024-09-12T09:52:36","guid":{"rendered":"https:\/\/frozenchickenshop.com\/final\/?post_type=product&#038;p=3303"},"modified":"2025-05-29T13:01:43","modified_gmt":"2025-05-29T13:01:43","slug":"frozen-chicken-breast-fillets","status":"publish","type":"product","link":"https:\/\/frozenchickenshop.com\/hu\/termek\/frozen-chicken-breast-fillets\/","title":{"rendered":"Fagyasztott csirkemell fil\u00e9 elad\u00f3"},"content":{"rendered":"<h1>Fagyasztott csirkemellfil\u00e9 online v\u00e1s\u00e1rl\u00e1sa: A Complete Guide<\/h1>\n<p>A mai rohan\u00f3 vil\u00e1gban egyre t\u00f6bb v\u00e1s\u00e1rl\u00f3 fordul az online \u00e9lelmiszersz\u00e1ll\u00edt\u00e1s k\u00e9nyelm\u00e9hez, \u00e9s a fagyasztott h\u00fasok \u00e9len j\u00e1rnak ebben. Ha \u00d6n a <a href=\"https:\/\/frozenchickenshop.com\/hu\/termek\/frozen-chicken-breast-fillets\/\">Fagyasztott csirkemell fil\u00e9 online v\u00e1s\u00e1rl\u00e1sa<\/a>, \u00d6n okos d\u00f6nt\u00e9st hoz a k\u00e9nyelem \u00e9s a min\u0151s\u00e9g szempontj\u00e1b\u00f3l egyar\u00e1nt.<\/p>\n<p>Ak\u00e1r a h\u00e9tre k\u00e9sz\u00fcl, ak\u00e1r egy gyors csal\u00e1di vacsor\u00e1t tervez, a pr\u00e9mium min\u0151s\u00e9g\u0171 fagyasztott csirkemellfil\u00e9 elad\u00e1sra k\u00e9szen az \u00d6n keze \u00fcgy\u00e9ben van.<\/p>\n<h3>Mi\u00e9rt v\u00e1lassza a fagyasztott csirkemellfil\u00e9t?<\/h3>\n<p>A fagyasztott csirkemellfil\u00e9 egyedileg gyorsfagyasztott (IQF), amely tart\u00f3s\u00edt\u00f3szerek n\u00e9lk\u00fcl meg\u0151rzi a frissess\u00e9get \u00e9s az \u00edzt.<\/p>\n<p>Ez azt jelenti, hogy m\u00e1r ma megrendelheti a fagyasztott csirkemellfil\u00e9t online, \u00e9s h\u00f3napokon bel\u00fcl b\u00e1rmikor fogyaszthatja - nincs pazarl\u00e1s, nincs rohan\u00e1s.<\/p>\n<h3>T\u00e1p\u00e9rt\u00e9k<\/h3>\n<p>A magas sov\u00e1ny feh\u00e9rjetartalm\u00fa \u00e9s alacsony zs\u00edrtartalm\u00fa csirkemellfil\u00e9 t\u00e1mogatja az eg\u00e9szs\u00e9ges \u00e9trendet. Ide\u00e1lisak a fitneszrajong\u00f3k, a csal\u00e1dok \u00e9s mindenki sz\u00e1m\u00e1ra, aki minim\u00e1lis er\u0151fesz\u00edt\u00e9ssel t\u00e1pl\u00e1l\u00f3 \u00e9teleket szeretne f\u0151zni.<\/p>\n<h3>Egyszer\u0171 t\u00e1rol\u00e1s \u00e9s \u00e9tkez\u00e9s-tervez\u00e9s<\/h3>\n<p>Egyenletes m\u00e9ret\u00fck \u00e9s csont \u00e9s b\u0151r n\u00e9lk\u00fcli jelleg\u00fck miatt t\u00f6k\u00e9letesek az \u00e9telk\u00e9sz\u00edt\u00e9shez. Egyszer\u0171en t\u00e1rolja \u0151ket a fagyaszt\u00f3ban, \u00e9s olvassa ki, amire sz\u00fcks\u00e9ge van - nincs rendetlens\u00e9g, nincs gond.<\/p>\n<h3>Online v\u00e1s\u00e1rl\u00e1skor figyelembe veend\u0151 t\u00e9nyez\u0151k | Megb\u00edzhat\u00f3 kiskeresked\u0151k \u00e9s v\u00e1s\u00e1rl\u00f3i v\u00e9lem\u00e9nyek<\/h3>\n<p>Keresse a j\u00f3 h\u00edrn\u00e9vvel rendelkez\u0151, j\u00f3l \u00e9rt\u00e9kelt platformokat. Az ellen\u0151rz\u00f6tt v\u00e1s\u00e1rl\u00f3i visszajelz\u00e9sek seg\u00edtenek kiv\u00e1lasztani a legjobb helyet a Fagyasztott csirkemellfil\u00e9 online v\u00e1s\u00e1rl\u00e1s\u00e1hoz, \u00e9s elker\u00fclni az alacsony min\u0151s\u00e9g\u0171 besz\u00e1ll\u00edt\u00f3kat.<\/p>\n<h3>Csomagol\u00e1si \u00e9s sz\u00e1ll\u00edt\u00e1si lehet\u0151s\u00e9gek<\/h3>\n<p>V\u00e1lasszon olyan elad\u00f3kat, amelyek sz\u00e1razj\u00e9ggel vagy g\u00e9lcsomaggal ell\u00e1tott szigetelt csomagol\u00e1st k\u00edn\u00e1lnak, hogy a csirkefil\u00e9 a rakt\u00e1rt\u00f3l az \u00d6n h\u00e1z\u00e1ig fagyasztva maradjon.<\/p>\n<p>A gyors sz\u00e1ll\u00edt\u00e1si lehet\u0151s\u00e9gek egy plusz.<\/p>\n<h3>Term\u00e9k r\u00e9szletei<\/h3>\n<p>Figyeljen az olyan kulcsfontoss\u00e1g\u00fa r\u00e9szletekre, mint:<\/p>\n<ul>\n<li>A term\u00e9k eredete (helyi vagy import\u00e1lt)<\/li>\n<li>T\u00f6meg fil\u00e9nk\u00e9nt vagy csomagonk\u00e9nt<\/li>\n<li>Tan\u00fas\u00edtv\u00e1nyok (USDA \u00e1ltal ellen\u0151rz\u00f6tt, antibiotikummentes stb.)<\/li>\n<\/ul>\n<h3>Hol lehet fagyasztott csirkemellfil\u00e9t online v\u00e1s\u00e1rolni?<\/h3>\n<p>\u00cdme n\u00e9h\u00e1ny a legjobb helyek k\u00f6z\u00fcl, ahol fagyasztott csirkemellfil\u00e9t v\u00e1s\u00e1rolhat:<\/p>\n<ul>\n<li><strong>Nagy \u00e9lelmiszerl\u00e1ncok:<\/strong> A Walmart, a Kroger \u00e9s a Costco versenyk\u00e9pes \u00e1rakat k\u00edn\u00e1l megb\u00edzhat\u00f3 sz\u00e1ll\u00edt\u00e1ssal.<\/li>\n<li><strong>Speci\u00e1lis h\u00fassz\u00e1ll\u00edt\u00f3k:<\/strong> Az online hentesek \u00e9s a bioh\u00fasipari c\u00e9gek gyakran k\u00edn\u00e1lnak pr\u00e9mium kateg\u00f3ri\u00e1s darabokat, \u00e1tl\u00e1that\u00f3 beszerz\u00e9ssel.<\/li>\n<li><strong>Online piacterek:<\/strong> Az Amazon Fresh \u00e9s az Instacart k\u00e9nyelmet \u00e9s gyors kisz\u00e1ll\u00edt\u00e1st biztos\u00edt, k\u00fcl\u00f6n\u00f6sen a t\u00f6meges vagy utols\u00f3 pillanatban leadott rendel\u00e9sek eset\u00e9ben.<\/li>\n<\/ul>\n<h3>K\u00f6vetkeztet\u00e9s<\/h3>\n<p>A fagyasztott csirkemellfil\u00e9 okos, megb\u00edzhat\u00f3 \u00e9s sokoldal\u00fa feh\u00e9rje v\u00e1laszt\u00e1s. Ha fagyasztott csirkemellfil\u00e9t v\u00e1s\u00e1rol online, min\u0151s\u00e9gi h\u00fashoz juthat an\u00e9lk\u00fcl, hogy boltba kellene mennie. Az online piact\u00e9r a k\u00f6lts\u00e9gvet\u00e9s-bar\u00e1t lehet\u0151s\u00e9gekt\u0151l a pr\u00e9mium v\u00e1laszt\u00e9kig mindenki sz\u00e1m\u00e1ra k\u00edn\u00e1l valamit - gyakran olcs\u00f3 fagyasztott csirkemellfil\u00e9 \u00e1ron, a min\u0151s\u00e9g fel\u00e1ldoz\u00e1sa n\u00e9lk\u00fcl. <a href=\"https:\/\/en.wikipedia.org\/wiki\/Chicken_as_food\" target=\"_blank\" rel=\"noopener\">csirke<\/a>.<\/p>\n<p>K\u00e9szen \u00e1ll arra, hogy egyszer\u0171s\u00edtse az \u00e9tkez\u00e9si rutinj\u00e1t? Rendeljen m\u00e9g ma fagyasztott csirkemellfil\u00e9t online egy megb\u00edzhat\u00f3 platformr\u00f3l, \u00e9s fedezze fel, milyen egyszer\u0171 lehet az eg\u00e9szs\u00e9ges t\u00e1pl\u00e1lkoz\u00e1s.<\/p>","protected":false},"excerpt":{"rendered":"<h4 style=\"text-align: center;\">Fagyasztott csirkemellfil\u00e9 elad\u00f3<\/h4>\n<hr \/>\n<p>Tapasztalja meg pr\u00e9mium min\u0151s\u00e9g\u0171 fagyasztott csirkemellfil\u00e9inket, amelyek kiv\u00e1l\u00f3 sov\u00e1ny feh\u00e9rjeforr\u00e1st jelentenek \u00e9tkez\u00e9seihez. T\u00f6k\u00e9letes grillez\u00e9shez, s\u00fct\u00e9shez vagy kevergetve s\u00fct\u00e9shez, ezek a fil\u00e9k egyenk\u00e9nt csomagolva \u00e9s fagyasztva meg\u0151rzik \u00edz\u00fcket \u00e9s frissess\u00e9g\u00fcket.<a href=\"http:\/\/facebook.com\">.<\/a> \u00c9lvezze a k\u00e9nyelmet \u00e9s a cs\u00facsmin\u0151s\u00e9g\u0171 <a href=\"https:\/\/frozenchickenshop.com\/hu\/termek\/frozen-chicken-drumstick-for-sale\/\">csirke<\/a> a receptjeiben. Rendelje meg m\u00e9g ma, hogy konyh\u00e1ja \u00edzletes \u00e9s eg\u00e9szs\u00e9ges kieg\u00e9sz\u00edt\u0151je legyen!<\/p>","protected":false},"featured_media":3327,"comment_status":"open","ping_status":"closed","template":"","meta":{"_joinchat":[]},"product_brand":[],"product_cat":[46],"product_tag":[],"class_list":{"0":"post-3303","1":"product","2":"type-product","3":"status-publish","4":"has-post-thumbnail","6":"product_cat-frozen-chicken","8":"first","9":"instock","10":"shipping-taxable","11":"purchasable","12":"product-type-variable","13":"has-default-attributes"},"_links":{"self":[{"href":"https:\/\/frozenchickenshop.com\/hu\/wp-json\/wp\/v2\/product\/3303","targetHints":{"allow":["GET"]}}],"collection":[{"href":"https:\/\/frozenchickenshop.com\/hu\/wp-json\/wp\/v2\/product"}],"about":[{"href":"https:\/\/frozenchickenshop.com\/hu\/wp-json\/wp\/v2\/types\/product"}],"replies":[{"embeddable":true,"href":"https:\/\/frozenchickenshop.com\/hu\/wp-json\/wp\/v2\/comments?post=3303"}],"version-history":[{"count":0,"href":"https:\/\/frozenchickenshop.com\/hu\/wp-json\/wp\/v2\/product\/3303\/revisions"}],"wp:featuredmedia":[{"embeddable":true,"href":"https:\/\/frozenchickenshop.com\/hu\/wp-json\/wp\/v2\/media\/3327"}],"wp:attachment":[{"href":"https:\/\/frozenchickenshop.com\/hu\/wp-json\/wp\/v2\/media?parent=3303"}],"wp:term":[{"taxonomy":"product_brand","embeddable":true,"href":"https:\/\/frozenchickenshop.com\/hu\/wp-json\/wp\/v2\/product_brand?post=3303"},{"taxonomy":"product_cat","embeddable":true,"href":"https:\/\/frozenchickenshop.com\/hu\/wp-json\/wp\/v2\/product_cat?post=3303"},{"taxonomy":"product_tag","embeddable":true,"href":"https:\/\/frozenchickenshop.com\/hu\/wp-json\/wp\/v2\/product_tag?post=3303"}],"curies":[{"name":"wp","href":"https:\/\/api.w.org\/{rel}","templated":true}]}}