{"id":3291,"date":"2024-09-12T09:52:36","date_gmt":"2024-09-12T09:52:36","guid":{"rendered":"https:\/\/frozenchickenshop.com\/final\/?post_type=product&#038;p=3291"},"modified":"2026-04-21T18:22:15","modified_gmt":"2026-04-21T18:22:15","slug":"buy-whole-frozen-chicken","status":"publish","type":"product","link":"https:\/\/frozenchickenshop.com\/hu\/product\/buy-whole-frozen-chicken\/","title":{"rendered":"Eg\u00e9sz fagyasztott csirke elad\u00f3"},"content":{"rendered":"<h1>V\u00e1s\u00e1roljon eg\u00e9sz fagyasztott csirk\u00e9t online - Farm-friss \u00edz, fagyasztva sz\u00e1ll\u00edtva az \u00d6n k\u00e9nyelme \u00e9rdek\u00e9ben<\/h1>\n<p>Keresem a <a href=\"https:\/\/frozenchickenshop.com\/hu\/termek\/whole-frozen-chicken-for-sale\/\">eg\u00e9sz fagyasztott csirk\u00e9t online v\u00e1s\u00e1rolni<\/a> a k\u00f6vetkez\u0151 kiad\u00f3s csal\u00e1di vacsor\u00e1hoz vagy \u00e9telk\u00e9sz\u00edt\u00e9shez? Az elad\u00f3 pr\u00e9mium min\u0151s\u00e9g\u0171 eg\u00e9sz fagyasztott csirk\u00e9t cs\u00facsfrissess\u00e9gben gyorsfagyasztjuk, \u00e9s gondosan csomagoljuk, hogy a biztons\u00e1gos, hidegl\u00e1ncos sz\u00e1ll\u00edt\u00e1s egyenesen az \u00d6n konyh\u00e1j\u00e1ba t\u00f6rt\u00e9njen. Ak\u00e1r s\u00fct\u00e9s, grillez\u00e9s vagy lass\u00fa s\u00fct\u00e9s, ez a teljesen term\u00e9szetes csirke verhetetlen \u00e9rt\u00e9ket, gazdag \u00edzt \u00e9s sokoldal\u00fas\u00e1got k\u00edn\u00e1l, amelyre minden otthoni szak\u00e1csnak sz\u00fcks\u00e9ge van.<\/p>\n<h3>Mi\u00e9rt az eg\u00e9sz fagyasztott csirke egy okos v\u00e1s\u00e1rl\u00e1s<\/h3>\n<p>Az eg\u00e9sz csirke nem csak egy nagyszer\u0171 \u00e9tel - a konyh\u00e1ban n\u00e9lk\u00fcl\u00f6zhetetlen. Ha eg\u00e9szben v\u00e1s\u00e1rolja meg, minden r\u00e9sz\u00e9t felhaszn\u00e1lhatja, a szaftos mellh\u00fast\u00f3l a h\u00e1zi h\u00fasleveshez t\u00f6k\u00e9letes \u00edz\u0171 csontokig. K\u00f6lts\u00e9ghat\u00e9kony m\u00f3dja annak, hogy a csal\u00e1dra f\u0151zz\u00f6n, vagy hogy a h\u00e9tre t\u00f6bb adagban k\u00e9sz\u00edtsen \u00e9teleket.<\/p>\n<p>R\u00e1ad\u00e1sul a fagyasztott csirke hossz\u00fa eltarthat\u00f3s\u00e1gi id\u0151t k\u00edn\u00e1l, nulla hullad\u00e9kkal. Egyszer\u0171en olvassa ki, f\u0151zze meg \u00e9s \u00e9lvezze.<\/p>\n<h3>Fagyasztott vs. friss - Mi\u00e9rt \u00e9rdemes fagyasztottat v\u00e1lasztani?<\/h3>\n<p>Csirk\u00e9inket a feldolgoz\u00e1s ut\u00e1n azonnal gyorsfagyasztjuk, \u00edgy a term\u00e9szetes gy\u00fcm\u00f6lcslevek \u00e9s t\u00e1panyagok megmaradnak. Ez azt jelenti:<\/p>\n<ul>\n<li>Nem kell sietni, hogy f\u0151zz\u00fck meg-t\u00e1rolja biztons\u00e1gosan h\u00f3napokig<\/li>\n<li>Frissebb, mint a boltok polcain l\u00e9v\u0151 \"friss\" term\u00e9kek.<\/li>\n<li>Biztons\u00e1gosabb kezel\u00e9s, sz\u00e1ll\u00edt\u00e1s \u00e9s t\u00e1rol\u00e1s<\/li>\n<\/ul>\n<p>Ha \u00d6n eg\u00e9sz fagyasztott csirk\u00e9t rendel online, a min\u0151s\u00e9get, a k\u00e9nyelmet \u00e9s a nyugalmat v\u00e1lasztja.<\/p>\n<h3>Mit kell keresni online v\u00e1s\u00e1rl\u00e1skor<\/h3>\n<p>Nem minden fagyasztott csirke egyforma. Az al\u00e1bbiakban a mi\u00e9nk kiemelkedik a t\u00f6bbi k\u00f6z\u00fcl:<\/p>\n<ul>\n<li>M\u00e9ret- \u00e9s s\u00falyv\u00e1laszt\u00e9k minden h\u00e1ztart\u00e1snak megfelel\u0151<\/li>\n<li>V\u00e1kuumz\u00e1ras csomagol\u00e1s a hosszan tart\u00f3 frissess\u00e9g \u00e9rdek\u00e9ben<\/li>\n<li>Egy\u00e9rtelm\u0171en fel van t\u00fcntetve az USDA \u00e1ltal ellen\u0151rz\u00f6tt, halal vagy antibiotikum-mentes tan\u00fas\u00edtv\u00e1nyokkal.<\/li>\n<li>Felel\u0151ss\u00e9gteljesen, hormonok \u00e9s tart\u00f3s\u00edt\u00f3szerek hozz\u00e1ad\u00e1sa n\u00e9lk\u00fcl felnevelt term\u00e9k.<\/li>\n<\/ul>\n<p>Eg\u00e9sz fagyasztott csirk\u00e9inket gondosan v\u00e1logatjuk ki, hogy megfeleljenek a magas k\u00f6vetelm\u00e9nyeknek - mert az \u00d6n csal\u00e1dja nem \u00e9rdemel kevesebbet.<\/p>\n<h3>Hol lehet eg\u00e9sz fagyasztott csirk\u00e9t v\u00e1s\u00e1rolni online<\/h3>\n<p>K\u00edv\u00e1ncsi, hogy hol lehet a legjobban fagyasztott eg\u00e9sz csirk\u00e9t v\u00e1s\u00e1rolni? Megk\u00f6nny\u00edtett\u00fck a magabiztos online v\u00e1s\u00e1rl\u00e1st. Term\u00e9keinket megtal\u00e1lja a k\u00f6vetkez\u0151 c\u00edmen:<\/p>\n<ul>\n<li>Nagy \u00e9lelmiszer-kiskeresked\u0151k, mint a Walmart, a Kroger \u00e9s a Costco.<\/li>\n<li>Kiv\u00e1l\u00f3 min\u0151s\u00e9g\u0171 h\u00fasokra szakosodott online hentes\u00fczletek<\/li>\n<li>Helyi gazdas\u00e1gok \u00e9s bioterm\u00e9kek h\u00e1zhoz sz\u00e1ll\u00edt\u00e1s\u00e1t k\u00edn\u00e1l\u00f3 besz\u00e1ll\u00edt\u00f3k<\/li>\n<li>Piacterek, mint az Amazon Fresh vagy az Instacart a gyors, rugalmas rendel\u00e9shez<\/li>\n<\/ul>\n<p>B\u00e1rhol is v\u00e1s\u00e1rol, \u00e9lvezheti a megb\u00edzhat\u00f3 sz\u00e1ll\u00edt\u00e1st, a biztons\u00e1gos fagyasztott csomagol\u00e1st \u00e9s a megfizethet\u0151 \u00e1rakat - igen, m\u00e9g az olcs\u00f3 eg\u00e9sz fagyasztott csirke \u00e1r\u00e1t is.<\/p>\n<h3>K\u00f6vetkeztet\u00e9s: Egy mad\u00e1r, v\u00e9gtelen lehet\u0151s\u00e9gek<\/h3>\n<p>A vas\u00e1rnapi vacsor\u00e1kt\u00f3l az eg\u00e9szs\u00e9ges heti \u00e9tkez\u00e9sekig, az eg\u00e9sz fagyasztott csirke megb\u00edzhat\u00f3, \u00edzletes \u00e9s t\u00e1pl\u00e1l\u00f3 v\u00e1laszt\u00e1s. \u00c9rt\u00e9ket, v\u00e1ltozatoss\u00e1got \u00e9s az online rendel\u00e9s egyszer\u0171s\u00e9g\u00e9t k\u00edn\u00e1lja - mindezt a min\u0151s\u00e9g fel\u00e1ldoz\u00e1sa n\u00e9lk\u00fcl. <a href=\"https:\/\/en.wikipedia.org\/wiki\/Chicken_as_food\" target=\"_blank\" rel=\"noopener\">chickenshop<\/a>.<\/p>\n<p>Akkor mi\u00e9rt v\u00e1rjunk? V\u00e1s\u00e1roljon eg\u00e9sz fagyasztott csirk\u00e9t online m\u00e9g ma, \u00e9s hozza az eg\u00e9szs\u00e9ges, friss baromfi \u00edz\u00e9t az asztal\u00e1ra - az \u00d6n id\u0151beoszt\u00e1sa \u00e9s k\u00f6lts\u00e9gvet\u00e9se szerint.<\/p>","protected":false},"excerpt":{"rendered":"<h3 style=\"text-align: center;\">Eg\u00e9sz fagyasztott csirke elad\u00f3<\/h3>\n<hr \/>\n<p>Az elad\u00f3 fagyasztott eg\u00e9sz csirk\u00e9t gondosan megb\u00edzhat\u00f3 gazdas\u00e1gokb\u00f3l szerezz\u00fck be, biztos\u00edtva a frissess\u00e9get \u00e9s a magas sz\u00ednvonal\u00fa min\u0151s\u00e9get. Fagyasztva sz\u00e1ll\u00edtjuk, hogy a t\u00e1panyagokat \u00e9s az \u00edzt meg\u0151rizz\u00fck, \u00edgy t\u00f6k\u00e9letes t\u00e1pl\u00e1l\u00f3 \u00e9telekhez. \u00c9lvezze a zsenge, l\u00e9d\u00fas csirk\u00e9t, amely k\u00e9nyelmes \u00e9s k\u00f6nnyen elk\u00e9sz\u00edthet\u0151. Ide\u00e1lis grillez\u00e9shez, <a href=\"https:\/\/frozenchickenshop.com\/hu\/termek\/frozen-chicken-breast-fillets\/\">p\u00f6rk\u00f6l\u00e9s<\/a>, vagy b\u00e1rmilyen pr\u00e9mium csirk\u00e9t ig\u00e9nyl\u0151 recepthez. Rendeljen m\u00e9g ma, hogy eg\u00e9szs\u00e9ges \u00e9s \u00edzletes kieg\u00e9sz\u00edt\u0151je legyen \u00e9teleinek!<\/p>","protected":false},"featured_media":3320,"comment_status":"open","ping_status":"closed","template":"","meta":{"_joinchat":[]},"product_brand":[],"product_cat":[46],"product_tag":[],"class_list":{"0":"post-3291","1":"product","2":"type-product","3":"status-publish","4":"has-post-thumbnail","6":"product_cat-frozen-chicken","8":"first","9":"instock","10":"shipping-taxable","11":"purchasable","12":"product-type-variable","13":"has-default-attributes"},"_links":{"self":[{"href":"https:\/\/frozenchickenshop.com\/hu\/wp-json\/wp\/v2\/product\/3291","targetHints":{"allow":["GET"]}}],"collection":[{"href":"https:\/\/frozenchickenshop.com\/hu\/wp-json\/wp\/v2\/product"}],"about":[{"href":"https:\/\/frozenchickenshop.com\/hu\/wp-json\/wp\/v2\/types\/product"}],"replies":[{"embeddable":true,"href":"https:\/\/frozenchickenshop.com\/hu\/wp-json\/wp\/v2\/comments?post=3291"}],"version-history":[{"count":0,"href":"https:\/\/frozenchickenshop.com\/hu\/wp-json\/wp\/v2\/product\/3291\/revisions"}],"wp:featuredmedia":[{"embeddable":true,"href":"https:\/\/frozenchickenshop.com\/hu\/wp-json\/wp\/v2\/media\/3320"}],"wp:attachment":[{"href":"https:\/\/frozenchickenshop.com\/hu\/wp-json\/wp\/v2\/media?parent=3291"}],"wp:term":[{"taxonomy":"product_brand","embeddable":true,"href":"https:\/\/frozenchickenshop.com\/hu\/wp-json\/wp\/v2\/product_brand?post=3291"},{"taxonomy":"product_cat","embeddable":true,"href":"https:\/\/frozenchickenshop.com\/hu\/wp-json\/wp\/v2\/product_cat?post=3291"},{"taxonomy":"product_tag","embeddable":true,"href":"https:\/\/frozenchickenshop.com\/hu\/wp-json\/wp\/v2\/product_tag?post=3291"}],"curies":[{"name":"wp","href":"https:\/\/api.w.org\/{rel}","templated":true}]}}