{"id":3289,"date":"2024-09-12T09:52:35","date_gmt":"2024-09-12T09:52:35","guid":{"rendered":"https:\/\/frozenchickenshop.com\/final\/?post_type=product&#038;p=3289"},"modified":"2025-05-29T13:02:01","modified_gmt":"2025-05-29T13:02:01","slug":"frozen-chicken-liver-for-sale","status":"publish","type":"product","link":"https:\/\/frozenchickenshop.com\/hu\/termek\/frozen-chicken-liver-for-sale\/","title":{"rendered":"Fagyasztott csirkem\u00e1j elad\u00f3"},"content":{"rendered":"<h1>V\u00e1s\u00e1roljon online fagyasztott csirkem\u00e1jat - T\u00e1panyagokkal teli \u00e9s t\u00f6k\u00e9letesen tart\u00f3s\u00edtva<\/h1>\n<p>Keresem a <a href=\"https:\/\/frozenchickenshop.com\/hu\/termek\/frozen-chicken-liver-for-sale\/\">v\u00e1s\u00e1rolni fagyasztott csirkem\u00e1j online<\/a> a k\u00f6vetkez\u0151 kiad\u00f3s \u00e9telhez, hagyom\u00e1nyos recepthez vagy t\u00e1panyagokban gazdag \u00e9telhez? A pr\u00e9mium min\u0151s\u00e9g\u0171, farmr\u00f3l sz\u00e1rmaz\u00f3, fagyasztott csirkem\u00e1jat a frissess\u00e9g cs\u00facspontj\u00e1n gyorsfagyasztjuk, hogy az \u00edz \u00e9s a t\u00e1panyagtartalom megmaradjon, \u00e9s egyenesen az \u00d6n h\u00e1z\u00e1hoz sz\u00e1ll\u00edtsuk.<\/p>\n<h3>Mi\u00e9rt v\u00e1lassza a csirkem\u00e1jat?<\/h3>\n<p>A csirkem\u00e1j nem csak \u00edzletes, hanem a t\u00e1panyagok er\u0151m\u0171ve is. Vasban, A-vitaminban, B12-vitaminban \u00e9s kiv\u00e1l\u00f3 min\u0151s\u00e9g\u0171 feh\u00e9rj\u00e9ben gazdag, t\u00e1mogatja az energi\u00e1t, az immunit\u00e1st \u00e9s az \u00e1ltal\u00e1nos j\u00f3 k\u00f6z\u00e9rzetet. A csirkem\u00e1j a francia p\u00e1st\u00e9tomokt\u00f3l kezdve az \u00e1zsiai kevert \u00e9teleken \u00e1t a kelet-eur\u00f3pai kenhet\u0151 \u00e9telekig vil\u00e1gszerte a konyh\u00e1k alapanyaga, sokoldal\u00faan felhaszn\u00e1lhat\u00f3 \u00e9s p\u00e9nzt\u00e1rcabar\u00e1t.<\/p>\n<p>Ak\u00e1r otthoni szak\u00e1cs, ak\u00e1r kulin\u00e1ris rajong\u00f3, ez a megfizethet\u0151 szervh\u00fas \u00ednyenc \u00edzt biztos\u00edt olcs\u00f3 fagyasztott csirkem\u00e1j \u00e1ron.<\/p>\n<h3>Mi\u00e9rt \u00e9rdemes fagyasztott csirkem\u00e1jat rendelni online?<\/h3>\n<p>Ha fagyasztott csirkem\u00e1jat rendel online, nem csak a k\u00e9nyelemr\u0151l van sz\u00f3:<\/p>\n<ul>\n<li>Hozz\u00e1f\u00e9r\u00e9s a helyben nehezen beszerezhet\u0151 speci\u00e1lis szervh\u00fasokhoz<\/li>\n<li>Versenyk\u00e9pes \u00f6mlesztett \u00e1rk\u00e9pz\u00e9s \u00e9s exkluz\u00edv online aj\u00e1nlatok<\/li>\n<li>A fagyasztott tart\u00f3s\u00edt\u00e1s hosszabb eltarthat\u00f3s\u00e1got \u00e9s hullad\u00e9kmentess\u00e9get biztos\u00edt.<\/li>\n<li>A k\u00f6nny\u0171 haszn\u00e1lat \u00e9rdek\u00e9ben v\u00e1kuumz\u00e1ras, porci\u00f3zhat\u00f3 csomagol\u00e1sban sz\u00e1ll\u00edtjuk.<\/li>\n<\/ul>\n<p>T\u00f6k\u00e9letes az \u00e9telek el\u0151k\u00e9sz\u00edt\u00e9s\u00e9hez, csal\u00e1di vacsor\u00e1khoz vagy adagokban t\u00f6rt\u00e9n\u0151 f\u0151z\u00e9shez.<\/p>\n<h3>Hogyan v\u00e1lasszunk min\u0151s\u00e9gi fagyasztott csirkem\u00e1jat<\/h3>\n<p>Az okos v\u00e1s\u00e1rl\u00f3k keresik:<\/p>\n<ul>\n<li>\u00c9l\u00e9nk, egyenletes sz\u00edn \u00e9s sima text\u00fara (a frissess\u00e9g jelei).<\/li>\n<li>V\u00e1kuumz\u00e1ras vagy szorosan becsomagolt csomagol\u00e1s a fagyaszt\u00e1si \u00e9g\u00e9s megel\u0151z\u00e9s\u00e9re<\/li>\n<li>USDA \u00e1ltal ellen\u0151rz\u00f6tt term\u00e9kek, amelyeken egy\u00e9rtelm\u0171en fel vannak t\u00fcntetve a sz\u00e1rmaz\u00e1si hely \u00e9s a besz\u00e1ll\u00edt\u00f3 adatai<\/li>\n<\/ul>\n<p>Csirkem\u00e1junkat felel\u0151s gazdas\u00e1gokb\u00f3l szerezz\u00fck be, hormonok \u00e9s mesters\u00e9ges tart\u00f3s\u00edt\u00f3szerek hozz\u00e1ad\u00e1sa n\u00e9lk\u00fcl - \u00edgy pontosan tudja, hogy mivel eteti csal\u00e1dj\u00e1t.<\/p>\n<h3>Legjobb helyek v\u00e1s\u00e1rolni fagyasztott csirkem\u00e1j online<\/h3>\n<p>K\u00edv\u00e1ncsi, hogy hol lehet a legjobban fagyasztott csirkem\u00e1jat v\u00e1s\u00e1rolni?<\/p>\n<p>Fedezze fel:<\/p>\n<ul>\n<li>Megb\u00edzhat\u00f3 online hentesek \u00e9s h\u00fasfut\u00e1rszolg\u00e1latok, amelyek szervh\u00fasokra szakosodtak<\/li>\n<li>Neves etnikai \u00e9lelmiszerboltok, amelyek halal vagy kelet-eur\u00f3pai v\u00e1laszt\u00e9kot k\u00edn\u00e1lnak.<\/li>\n<li>Vezet\u0151 piacterek, mint az Amazon Fresh, Instacart vagy Weee! gyors fagyasztott sz\u00e1ll\u00edt\u00e1ssal<\/li>\n<\/ul>\n<p>Mindegyik biztons\u00e1gos p\u00e9nzt\u00e1rg\u00e9pet, megb\u00edzhat\u00f3 sz\u00e1ll\u00edt\u00e1st \u00e9s min\u0151s\u00e9gbiztos\u00edt\u00e1st k\u00edn\u00e1l.<\/p>\n<h3>K\u00f6vetkeztet\u00e9s: Eg\u00e9szs\u00e9ges, kiad\u00f3s, \u00e9s k\u00f6nnyen sz\u00e1ll\u00edthat\u00f3<\/h3>\n<p>A csirkem\u00e1j a t\u00e1pl\u00e1lkoz\u00e1s, a megfizethet\u0151s\u00e9g \u00e9s a kulin\u00e1ris sokoldal\u00fas\u00e1g t\u00f6k\u00e9letes kever\u00e9k\u00e9t k\u00edn\u00e1lja. A v\u00e1s\u00e1rl\u00e1s mellett d\u00f6ntve <a href=\"https:\/\/en.wikipedia.org\/wiki\/Liver_(food)\" target=\"_blank\" rel=\"noopener\">Fagyasztott csirke<\/a> M\u00e1j online, akkor egy k\u00e9nyelmes, kiv\u00e1l\u00f3 min\u0151s\u00e9g\u0171 term\u00e9ket kap, amely t\u00e1mogatja az eg\u00e9szs\u00e9g\u00e9t, \u00e9s b\u00e1rmilyen k\u00f6lts\u00e9gvet\u00e9sbe belef\u00e9r.<\/p>\n<p>Ak\u00e1r klasszikus k\u00e9nyelmi \u00e9teleket k\u00e9sz\u00edt, ak\u00e1r mer\u00e9sz, glob\u00e1lis \u00edzekkel k\u00eds\u00e9rletezik, itt az ideje, hogy felfedezze a csirkem\u00e1j gazdag \u00edz\u00e9t.<br \/>\nRendeljen fagyasztott csirkem\u00e1jat online m\u00e9g ma - \u00e9s hozzon eg\u00e9szs\u00e9ges, t\u00e1panyagokban gazdag \u00e9teleket a konyh\u00e1j\u00e1ba n\u00e9h\u00e1ny kattint\u00e1ssal.<\/p>","protected":false},"excerpt":{"rendered":"<h4 style=\"text-align: center;\">Friss \u00e9s pr\u00e9mium fagyasztott csirkem\u00e1j elad\u00f3<\/h4>\n<hr \/>\n<p>Tapasztalja meg friss csirkem\u00e1junkat, amely gazdag alapvet\u0151 t\u00e1panyagokban, \u00e9s sz\u00e1mos \u00e9telhez t\u00f6k\u00e9letes. Ide\u00e1lis p\u00e1st\u00e9tomok, keverget\u0151s \u00e9telek k\u00e9sz\u00edt\u00e9s\u00e9hez, vagy kiad\u00f3s \u00e9telekhez, csirkem\u00e1junkat a min\u0151s\u00e9g \u00e9s az \u00edz \u00e9rdek\u00e9ben szerezt\u00fck be.<\/p>","protected":false},"featured_media":3319,"comment_status":"open","ping_status":"closed","template":"","meta":{"_joinchat":[]},"product_brand":[],"product_cat":[46],"product_tag":[],"class_list":{"0":"post-3289","1":"product","2":"type-product","3":"status-publish","4":"has-post-thumbnail","6":"product_cat-frozen-chicken","8":"first","9":"instock","10":"shipping-taxable","11":"purchasable","12":"product-type-variable","13":"has-default-attributes"},"_links":{"self":[{"href":"https:\/\/frozenchickenshop.com\/hu\/wp-json\/wp\/v2\/product\/3289","targetHints":{"allow":["GET"]}}],"collection":[{"href":"https:\/\/frozenchickenshop.com\/hu\/wp-json\/wp\/v2\/product"}],"about":[{"href":"https:\/\/frozenchickenshop.com\/hu\/wp-json\/wp\/v2\/types\/product"}],"replies":[{"embeddable":true,"href":"https:\/\/frozenchickenshop.com\/hu\/wp-json\/wp\/v2\/comments?post=3289"}],"version-history":[{"count":0,"href":"https:\/\/frozenchickenshop.com\/hu\/wp-json\/wp\/v2\/product\/3289\/revisions"}],"wp:featuredmedia":[{"embeddable":true,"href":"https:\/\/frozenchickenshop.com\/hu\/wp-json\/wp\/v2\/media\/3319"}],"wp:attachment":[{"href":"https:\/\/frozenchickenshop.com\/hu\/wp-json\/wp\/v2\/media?parent=3289"}],"wp:term":[{"taxonomy":"product_brand","embeddable":true,"href":"https:\/\/frozenchickenshop.com\/hu\/wp-json\/wp\/v2\/product_brand?post=3289"},{"taxonomy":"product_cat","embeddable":true,"href":"https:\/\/frozenchickenshop.com\/hu\/wp-json\/wp\/v2\/product_cat?post=3289"},{"taxonomy":"product_tag","embeddable":true,"href":"https:\/\/frozenchickenshop.com\/hu\/wp-json\/wp\/v2\/product_tag?post=3289"}],"curies":[{"name":"wp","href":"https:\/\/api.w.org\/{rel}","templated":true}]}}