{"id":3289,"date":"2024-09-12T09:52:35","date_gmt":"2024-09-12T09:52:35","guid":{"rendered":"https:\/\/frozenchickenshop.com\/final\/?post_type=product&#038;p=3289"},"modified":"2025-05-29T13:02:01","modified_gmt":"2025-05-29T13:02:01","slug":"frozen-chicken-liver-for-sale","status":"publish","type":"product","link":"https:\/\/frozenchickenshop.com\/fr\/produit\/frozen-chicken-liver-for-sale\/","title":{"rendered":"Vente de foie de poulet congel\u00e9"},"content":{"rendered":"<h1>Acheter du foie de poulet surgel\u00e9 en ligne - Des aliments riches en nutriments et parfaitement conserv\u00e9s<\/h1>\n<p>Envisager de <a href=\"https:\/\/frozenchickenshop.com\/fr\/produit\/frozen-chicken-liver-for-sale\/\">Acheter du foie de poulet congel\u00e9 en ligne<\/a> pour votre prochain repas copieux, votre prochaine recette traditionnelle ou votre prochain plat riche en nutriments ? Notre foie de poulet surgel\u00e9 de premi\u00e8re qualit\u00e9, provenant de la ferme, est surgel\u00e9 au moment o\u00f9 il est le plus frais, afin d'en pr\u00e9server la saveur et la valeur nutritive. Il est pr\u00eat \u00e0 \u00eatre livr\u00e9 directement \u00e0 votre porte.<\/p>\n<h3>Pourquoi choisir le foie de poulet ?<\/h3>\n<p>Le foie de poulet n'est pas seulement savoureux, c'est aussi une mine de nutriments. Riche en fer, en vitamine A, en vitamine B12 et en prot\u00e9ines de haute qualit\u00e9, il favorise l'\u00e9nergie, l'immunit\u00e9 et le bien-\u00eatre g\u00e9n\u00e9ral. Le foie de poulet est un aliment de base dans les cuisines du monde entier, des p\u00e2t\u00e9s fran\u00e7ais aux saut\u00e9s asiatiques en passant par les p\u00e2tes \u00e0 tartiner d'Europe de l'Est ; il est \u00e0 la fois polyvalent et \u00e9conomique.<\/p>\n<p>Que vous soyez un cuisinier amateur ou un passionn\u00e9 de cuisine, cette viande d'organe abordable offre un go\u00fbt de gourmet \u00e0 un prix abordable pour le foie de poulet congel\u00e9.<\/p>\n<h3>Pourquoi commander du foie de poulet congel\u00e9 en ligne ?<\/h3>\n<p>Lorsque vous commandez du foie de poulet congel\u00e9 en ligne, vous obtenez bien plus qu'une simple commodit\u00e9 :<\/p>\n<ul>\n<li>Acc\u00e8s \u00e0 des sp\u00e9cialit\u00e9s d'abats qui peuvent \u00eatre difficiles \u00e0 trouver localement<\/li>\n<li>Prix de gros comp\u00e9titifs et offres exclusives en ligne<\/li>\n<li>La conservation \u00e0 l'\u00e9tat congel\u00e9 garantit une dur\u00e9e de vie plus longue et une absence de d\u00e9chets.<\/li>\n<li>Livr\u00e9 dans un emballage sous vide, en portions contr\u00f4l\u00e9es, pour une utilisation facile.<\/li>\n<\/ul>\n<p>Parfait pour pr\u00e9parer des repas, des d\u00eeners en famille ou pour cuisiner par lots.<\/p>\n<h3>Comment choisir un foie de poulet surgel\u00e9 de qualit\u00e9<\/h3>\n<p>Les acheteurs avis\u00e9s recherchent :<\/p>\n<ul>\n<li>Couleur brillante et uniforme et texture lisse (signes de fra\u00eecheur)<\/li>\n<li>Emballage scell\u00e9 sous vide ou herm\u00e9tiquement emball\u00e9 pour \u00e9viter les br\u00fblures de cong\u00e9lation.<\/li>\n<li>Produits inspect\u00e9s par l'USDA et clairement \u00e9tiquet\u00e9s en fonction de l'origine et du fournisseur.<\/li>\n<\/ul>\n<p>Nos foies de poulet proviennent d'\u00e9levages responsables, sans hormones ajout\u00e9es ni conservateurs artificiels, afin que vous sachiez exactement ce que vous donnez \u00e0 manger \u00e0 votre famille.<\/p>\n<h3>Les meilleurs endroits pour acheter du foie de poulet congel\u00e9 en ligne<\/h3>\n<p>Vous vous demandez quel est le meilleur endroit pour acheter du foie de poulet congel\u00e9 ?<\/p>\n<p>Explorer :<\/p>\n<ul>\n<li>Boucheries et services de livraison de viande en ligne de confiance sp\u00e9cialis\u00e9s dans les abats<\/li>\n<li>\u00c9piceries ethniques r\u00e9put\u00e9es proposant des produits halal ou d'Europe de l'Est<\/li>\n<li>Les principales places de march\u00e9 comme Amazon Fresh, Instacart ou Weee ! avec livraison rapide de produits surgel\u00e9s.<\/li>\n<\/ul>\n<p>Tous proposent un paiement s\u00e9curis\u00e9, une exp\u00e9dition fiable et une assurance qualit\u00e9.<\/p>\n<h3>Conclusion : Sain, copieux et facile \u00e0 livrer<\/h3>\n<p>Le foie de volaille offre un m\u00e9lange parfait de nutrition, de prix abordable et de polyvalence culinaire. En choisissant d'acheter <a href=\"https:\/\/en.wikipedia.org\/wiki\/Liver_(food)\" target=\"_blank\" rel=\"noopener\">Poulet surgel\u00e9<\/a> Liver online, vous obtenez un produit pratique et de haute qualit\u00e9 qui soutient votre sant\u00e9 et s'adapte \u00e0 tous les budgets.<\/p>\n<p>Qu'il s'agisse de cr\u00e9er des plats r\u00e9confortants classiques ou d'exp\u00e9rimenter des saveurs audacieuses et internationales, il est temps d'explorer le go\u00fbt riche du foie de volaille.<br \/>\nCommandez d\u00e8s aujourd'hui du foie de poulet surgel\u00e9 en ligne et pr\u00e9parez en quelques clics des repas sains et riches en nutriments dans votre cuisine.<\/p>","protected":false},"excerpt":{"rendered":"<h4 style=\"text-align: center;\">Foie de poulet congel\u00e9 frais et de premi\u00e8re qualit\u00e9 \u00e0 vendre<\/h4>\n<hr \/>\n<p>D\u00e9couvrez notre foie de poulet frais, riche en nutriments essentiels et parfait pour une vari\u00e9t\u00e9 de plats. Id\u00e9al pour pr\u00e9parer des p\u00e2t\u00e9s, des saut\u00e9s ou pour agr\u00e9menter des repas copieux, notre foie de poulet est s\u00e9lectionn\u00e9 pour sa qualit\u00e9 et sa saveur.<\/p>","protected":false},"featured_media":3319,"comment_status":"open","ping_status":"closed","template":"","meta":{"_joinchat":[]},"product_brand":[],"product_cat":[46],"product_tag":[],"class_list":{"0":"post-3289","1":"product","2":"type-product","3":"status-publish","4":"has-post-thumbnail","6":"product_cat-frozen-chicken","8":"first","9":"instock","10":"shipping-taxable","11":"purchasable","12":"product-type-variable","13":"has-default-attributes"},"_links":{"self":[{"href":"https:\/\/frozenchickenshop.com\/fr\/wp-json\/wp\/v2\/product\/3289","targetHints":{"allow":["GET"]}}],"collection":[{"href":"https:\/\/frozenchickenshop.com\/fr\/wp-json\/wp\/v2\/product"}],"about":[{"href":"https:\/\/frozenchickenshop.com\/fr\/wp-json\/wp\/v2\/types\/product"}],"replies":[{"embeddable":true,"href":"https:\/\/frozenchickenshop.com\/fr\/wp-json\/wp\/v2\/comments?post=3289"}],"version-history":[{"count":0,"href":"https:\/\/frozenchickenshop.com\/fr\/wp-json\/wp\/v2\/product\/3289\/revisions"}],"wp:featuredmedia":[{"embeddable":true,"href":"https:\/\/frozenchickenshop.com\/fr\/wp-json\/wp\/v2\/media\/3319"}],"wp:attachment":[{"href":"https:\/\/frozenchickenshop.com\/fr\/wp-json\/wp\/v2\/media?parent=3289"}],"wp:term":[{"taxonomy":"product_brand","embeddable":true,"href":"https:\/\/frozenchickenshop.com\/fr\/wp-json\/wp\/v2\/product_brand?post=3289"},{"taxonomy":"product_cat","embeddable":true,"href":"https:\/\/frozenchickenshop.com\/fr\/wp-json\/wp\/v2\/product_cat?post=3289"},{"taxonomy":"product_tag","embeddable":true,"href":"https:\/\/frozenchickenshop.com\/fr\/wp-json\/wp\/v2\/product_tag?post=3289"}],"curies":[{"name":"wp","href":"https:\/\/api.w.org\/{rel}","templated":true}]}}