{"id":3291,"date":"2024-09-12T09:52:36","date_gmt":"2024-09-12T09:52:36","guid":{"rendered":"https:\/\/frozenchickenshop.com\/final\/?post_type=product&#038;p=3291"},"modified":"2025-05-29T13:02:11","modified_gmt":"2025-05-29T13:02:11","slug":"ganzes-gefrorenes-huhn-zu-verkaufen","status":"publish","type":"product","link":"https:\/\/frozenchickenshop.com\/de\/produkt\/ganzes-gefrorenes-huhn-zu-verkaufen\/","title":{"rendered":"Ganzes gefrorenes Huhn zu verkaufen"},"content":{"rendered":"<h1>Kaufen Sie ganze gefrorene H\u00fchner online - bauernhoffrischer Geschmack, gefroren geliefert f\u00fcr Ihren Komfort<\/h1>\n<p>Auf der Suche nach <a href=\"https:\/\/frozenchickenshop.com\/de\/produkt\/ganzes-gefrorenes-huhn-zu-verkaufen\/\">Gefrorenes Huhn im Ganzen online kaufen<\/a> f\u00fcr Ihr n\u00e4chstes herzhaftes Familienessen oder eine Mahlzeit vorbereiten? Unser hochwertiges, gefrorenes H\u00e4hnchen im Ganzen wird bei maximaler Frische schockgefroren und sorgf\u00e4ltig verpackt, damit es sicher und in einer K\u00fchlkette direkt in Ihre K\u00fcche geliefert werden kann. Ob Sie nun braten, grillen oder langsam kochen, dieses naturbelassene H\u00e4hnchen bietet ein unschlagbares Preis-Leistungs-Verh\u00e4ltnis, einen reichhaltigen Geschmack und die Vielseitigkeit, die jeder Koch zu Hause braucht.<\/p>\n<h3>Warum gefrorenes Huhn im Ganzen ein kluger Kauf ist<\/h3>\n<p>Ein ganzes Huhn ist nicht nur eine gro\u00dfartige Mahlzeit, sondern auch ein Muss in der K\u00fcche. Wenn Sie es im Ganzen kaufen, k\u00f6nnen Sie alle Teile verwenden, vom saftigen Brustfleisch bis zu den geschmackvollen Knochen, die sich perfekt f\u00fcr eine selbstgemachte Br\u00fche eignen. Es ist eine kosteng\u00fcnstige M\u00f6glichkeit, f\u00fcr die Familie zu kochen oder Mahlzeiten f\u00fcr die ganze Woche vorzubereiten.<\/p>\n<p>Au\u00dferdem ist tiefgefrorenes H\u00e4hnchenfleisch lange haltbar und verursacht keinen Abfall. Einfach auftauen, kochen und genie\u00dfen.<\/p>\n<h3>Gefroren vs. Frisch - Warum gefroren?<\/h3>\n<p>Unsere H\u00e4hnchen werden sofort nach der Verarbeitung tiefgefroren, wodurch die nat\u00fcrlichen S\u00e4fte und N\u00e4hrstoffe erhalten bleiben. Das bedeutet:<\/p>\n<ul>\n<li>Kein Grund zur Eile beim Kochen - monatelang sicher aufbewahren<\/li>\n<li>Frischer als \"frische\" Produkte, die in den Regalen der Gesch\u00e4fte liegen<\/li>\n<li>Sicherere Handhabung, Transport und Lagerung<\/li>\n<\/ul>\n<p>Wenn Sie gefrorenes H\u00e4hnchen im Ganzen online bestellen, entscheiden Sie sich f\u00fcr Qualit\u00e4t, Bequemlichkeit und Seelenfrieden.<\/p>\n<h3>Worauf Sie beim Online-Kauf achten sollten<\/h3>\n<p>Nicht alle Tiefk\u00fchlh\u00fchner sind gleich. Hier ist, was unsere auszeichnet:<\/p>\n<ul>\n<li>Gr\u00f6\u00dfen- und Gewichtsoptionen f\u00fcr jeden Haushalt<\/li>\n<li>Vakuumversiegelte Verpackung f\u00fcr lang anhaltende Frische<\/li>\n<li>Eindeutige Kennzeichnung mit USDA-gepr\u00fcften, Halal- oder Antibiotika-freien Zertifikaten<\/li>\n<li>Verantwortungsvolle Aufzucht ohne Zusatz von Hormonen oder Konservierungsstoffen<\/li>\n<\/ul>\n<p>Unsere ganzen gefrorenen H\u00fchner werden sorgf\u00e4ltig ausgew\u00e4hlt, um hohe Standards zu erf\u00fcllen - denn Ihre Familie hat nichts anderes verdient.<\/p>\n<h3>Wo man ganze gefrorene H\u00fchner online kaufen kann<\/h3>\n<p>Sie fragen sich, wo Sie am besten gefrorenes H\u00e4hnchen im Ganzen kaufen k\u00f6nnen? Wir haben es Ihnen leicht gemacht, vertrauensvoll online einzukaufen. Sie finden unsere Produkte bei:<\/p>\n<ul>\n<li>Gro\u00dfe Lebensmitteleinzelh\u00e4ndler wie Walmart, Kroger und Costco<\/li>\n<li>Online-Metzgereien, die auf hochwertiges Fleisch spezialisiert sind<\/li>\n<li>Lokale Bauernh\u00f6fe und Bio-Lieferanten, die eine Lieferung von Hof zu Hof anbieten<\/li>\n<li>Marktpl\u00e4tze wie Amazon Fresh oder Instacart f\u00fcr schnelle, flexible Bestellungen<\/li>\n<\/ul>\n<p>Wo auch immer Sie einkaufen, Sie profitieren von einem zuverl\u00e4ssigen Versand, einer sicheren Tiefk\u00fchlverpackung und g\u00fcnstigen Preisen - ja, sogar von einem g\u00fcnstigen Preis f\u00fcr ganze Tiefk\u00fchlh\u00fchner.<\/p>\n<h3>Schlussfolgerung: Ein Vogel, unendliche M\u00f6glichkeiten<\/h3>\n<p>Vom Sonntagsessen bis zur gesunden Wochenmahlzeit ist unser tiefgefrorenes H\u00e4hnchen im Ganzen eine zuverl\u00e4ssige, schmackhafte und nahrhafte Wahl. Es bietet ein gutes Preis-Leistungs-Verh\u00e4ltnis, eine gro\u00dfe Auswahl und die M\u00f6glichkeit der einfachen Online-Bestellung - und das alles ohne Qualit\u00e4tseinbu\u00dfen. <a href=\"https:\/\/en.wikipedia.org\/wiki\/Chicken_as_food\" target=\"_blank\" rel=\"noopener\">H\u00fchnerstall<\/a>.<\/p>\n<p>Warum also warten? Kaufen Sie noch heute ganze gefrorene H\u00e4hnchen online, und bringen Sie den Geschmack von gesundem, bauernhoffrischem Gefl\u00fcgel auf Ihren Tisch - nach Ihrem Zeitplan und innerhalb Ihres Budgets.<\/p>","protected":false},"excerpt":{"rendered":"<h3 style=\"text-align: center;\">Ganzes gefrorenes Huhn zu verkaufen<\/h3>\n<hr \/>\n<p>Unser ganzes tiefgefrorenes H\u00fchnerfleisch wird sorgf\u00e4ltig von vertrauensw\u00fcrdigen Bauernh\u00f6fen bezogen, um Frische und hohe Qualit\u00e4t zu gew\u00e4hrleisten. Es wird tiefgefroren geliefert, um N\u00e4hrstoffe und Geschmack zu bewahren, und ist perfekt f\u00fcr nahrhafte Mahlzeiten. Genie\u00dfen Sie zartes, saftiges H\u00e4hnchenfleisch, das sich bequem und einfach zubereiten l\u00e4sst. Ideal zum Grillen, <a href=\"https:\/\/frozenchickenshop.com\/de\/produkt\/gefrorene-hahnchenbrustfilets\/\">Braten<\/a>oder jedes andere Rezept, das hochwertiges H\u00fchnerfleisch erfordert. Bestellen Sie noch heute f\u00fcr eine gesunde, k\u00f6stliche Erg\u00e4nzung Ihrer Mahlzeiten!<\/p>","protected":false},"featured_media":3320,"comment_status":"open","ping_status":"closed","template":"","meta":{"_joinchat":[]},"product_brand":[],"product_cat":[46],"product_tag":[],"class_list":{"0":"post-3291","1":"product","2":"type-product","3":"status-publish","4":"has-post-thumbnail","6":"product_cat-frozen-chicken","8":"first","9":"instock","10":"shipping-taxable","11":"purchasable","12":"product-type-variable","13":"has-default-attributes"},"_links":{"self":[{"href":"https:\/\/frozenchickenshop.com\/de\/wp-json\/wp\/v2\/product\/3291","targetHints":{"allow":["GET"]}}],"collection":[{"href":"https:\/\/frozenchickenshop.com\/de\/wp-json\/wp\/v2\/product"}],"about":[{"href":"https:\/\/frozenchickenshop.com\/de\/wp-json\/wp\/v2\/types\/product"}],"replies":[{"embeddable":true,"href":"https:\/\/frozenchickenshop.com\/de\/wp-json\/wp\/v2\/comments?post=3291"}],"version-history":[{"count":0,"href":"https:\/\/frozenchickenshop.com\/de\/wp-json\/wp\/v2\/product\/3291\/revisions"}],"wp:featuredmedia":[{"embeddable":true,"href":"https:\/\/frozenchickenshop.com\/de\/wp-json\/wp\/v2\/media\/3320"}],"wp:attachment":[{"href":"https:\/\/frozenchickenshop.com\/de\/wp-json\/wp\/v2\/media?parent=3291"}],"wp:term":[{"taxonomy":"product_brand","embeddable":true,"href":"https:\/\/frozenchickenshop.com\/de\/wp-json\/wp\/v2\/product_brand?post=3291"},{"taxonomy":"product_cat","embeddable":true,"href":"https:\/\/frozenchickenshop.com\/de\/wp-json\/wp\/v2\/product_cat?post=3291"},{"taxonomy":"product_tag","embeddable":true,"href":"https:\/\/frozenchickenshop.com\/de\/wp-json\/wp\/v2\/product_tag?post=3291"}],"curies":[{"name":"wp","href":"https:\/\/api.w.org\/{rel}","templated":true}]}}