{"id":3307,"date":"2024-09-12T09:52:36","date_gmt":"2024-09-12T09:52:36","guid":{"rendered":"https:\/\/frozenchickenshop.com\/final\/?post_type=product&#038;p=3307"},"modified":"2025-05-29T13:01:52","modified_gmt":"2025-05-29T13:01:52","slug":"frozen-chicken-feet-for-sale","status":"publish","type":"product","link":"https:\/\/frozenchickenshop.com\/cs\/produkt\/frozen-chicken-feet-for-sale\/","title":{"rendered":"Mra\u017een\u00e1 ku\u0159ec\u00ed stehna na prodej"},"content":{"rendered":"<h1>Koupit mra\u017een\u00e1 ku\u0159ec\u00ed stehna online - prvot\u0159\u00eddn\u00ed kvalita, doru\u010deno a\u017e k v\u00e1m dom\u016f<\/h1>\n<p>P\u0159i pohledu na <a href=\"https:\/\/frozenchickenshop.com\/cs\/produkt\/frozen-chicken-feet-for-sale\/\">koupit Mra\u017een\u00e1 ku\u0159ec\u00ed steh\u00fdnka online<\/a> pro v\u00e1\u0161 dal\u0161\u00ed tradi\u010dn\u00ed pokrm, l\u00e9\u010div\u00fd v\u00fdvar nebo recept bohat\u00fd na kolagen? Na\u0161e vysoce kvalitn\u00ed mra\u017een\u00e1 ku\u0159ec\u00ed stehna z farem na prodej nab\u00edzej\u00ed v\u00fdjime\u010dnou chu\u0165, v\u00fd\u017eivu a pohodl\u00ed - to v\u0161e za levnou cenu mra\u017een\u00fdch ku\u0159ec\u00edch stehen, kter\u00e1 nen\u00ed na \u00fakor kvality.<\/p>\n<h3>Pro\u010d lid\u00e9 miluj\u00ed ku\u0159ec\u00ed steh\u00fdnka<\/h3>\n<p>Ku\u0159ec\u00ed steh\u00fdnka jsou z\u00e1kladem mnoha sv\u011btov\u00fdch kuchyn\u00ed - jsou obl\u00edben\u00e1 v \u010d\u00ednsk\u00e9 dim sum, filip\u00ednsk\u00e9 adobo, africk\u00fdch pol\u00e9vk\u00e1ch a v\u00fd\u017eivn\u00fdch v\u00fdvarech z kost\u00ed. Krom\u011b v\u00fdrazn\u00e9 chuti a \u017ev\u00fdkac\u00ed struktury jsou bohat\u00e1 na kolagen a \u017eelatinu, kter\u00e9 podporuj\u00ed zdrav\u00ed kloub\u016f, pru\u017enost k\u016f\u017ee a zdrav\u00ed st\u0159ev.<\/p>\n<h3>Pro\u010d objedn\u00e1vat mra\u017een\u00e1 ku\u0159ec\u00ed stehna online?<\/h3>\n<p>Objedn\u00e1v\u00e1n\u00ed online znamen\u00e1, \u017ee u\u017e nemus\u00edte lovit na specializovan\u00fdch trz\u00edch nebo se pot\u00fdkat s omezenou m\u00edstn\u00ed nab\u00eddkou. Kdy\u017e si objedn\u00e1te mra\u017een\u00e1 ku\u0159ec\u00ed steh\u00fdnka online, m\u016f\u017eete se t\u011b\u0161it na:<\/p>\n<ul>\n<li>Snadn\u00fd p\u0159\u00edstup k \u010derstv\u011b zmrazen\u00fdm speci\u00e1ln\u00edm d\u00edl\u016fm<\/li>\n<li>\u0160irok\u00e1 \u0161k\u00e1la mo\u017enost\u00ed balen\u00ed (voln\u011b lo\u017een\u00e9, o\u0159ezan\u00e9, \u010di\u0161t\u011bn\u00e9)<\/li>\n<li>V\u00fdrobky jsou dod\u00e1v\u00e1ny zmrazen\u00e9 v maxim\u00e1ln\u00ed \u010derstvosti a\u017e k va\u0161im dve\u0159\u00edm.<\/li>\n<\/ul>\n<p>Je to chytr\u00fd a pohodln\u00fd zp\u016fsob, jak si vychutnat tradi\u010dn\u00ed chut\u011b, ani\u017e byste museli opustit domov.<\/p>\n<h3>Jak vybrat kvalitn\u00ed mra\u017een\u00e1 ku\u0159ec\u00ed stehna<\/h3>\n<p>P\u0159i nakupov\u00e1n\u00ed online v\u017edy hledejte:<\/p>\n<ul>\n<li>\u010cir\u00fd obal bez zn\u00e1mek sp\u00e1len\u00ed mrazem<\/li>\n<li>Certifik\u00e1ty jako USDA, bio nebo halal.<\/li>\n<li>Podrobnosti o zemi p\u016fvodu a pov\u011bsti dodavatele<\/li>\n<\/ul>\n<p>Na\u0161e mra\u017een\u00e1 ku\u0159ec\u00ed stehna jsou d\u016fkladn\u011b o\u010di\u0161t\u011bna, o\u0159ez\u00e1na a bleskov\u011b zmra\u017eena, aby se jejich kvalita udr\u017eela od farmy a\u017e po mraz\u00e1k.<\/p>\n<h3>Nejlep\u0161\u00ed m\u00edsta pro n\u00e1kup zmrazen\u00fdch ku\u0159ec\u00edch stehen online<\/h3>\n<p>Naj\u00edt nejlep\u0161\u00ed m\u00edsto pro n\u00e1kup mra\u017een\u00fdch ku\u0159ec\u00edch stehen je snadn\u011bj\u0161\u00ed ne\u017e kdy jindy. Nakupujte s d\u016fv\u011brou:<\/p>\n<ul>\n<li>Obchody s etnick\u00fdmi potravinami, kter\u00e9 se specializuj\u00ed na asijskou, africkou nebo latinskoamerickou kuchyni.<\/li>\n<li>Online \u0159eznictv\u00ed s p\u0159\u00edm\u00fdm odb\u011brem z farem<\/li>\n<li>D\u016fv\u011bryhodn\u00e1 tr\u017ei\u0161t\u011b jako Amazon Fresh, Instacart a Weee!, kter\u00e1 nab\u00edzej\u00ed konkurenceschopn\u00e9 ceny a spolehliv\u00e9 doru\u010den\u00ed.<\/li>\n<\/ul>\n<h3>Z\u00e1v\u011br: Tradi\u010dn\u00ed obl\u00edben\u00fd pokrm je snadn\u00fd<\/h3>\n<p>Mra\u017een\u00e1 ku\u0159ec\u00ed steh\u00fdnka jsou chutnou, cenov\u011b dostupnou a na \u017eiviny bohatou volbou, a\u0165 u\u017e si chcete zopakovat rodinn\u00fd recept, nebo hled\u00e1te kolagen, kter\u00fd posiluje ple\u0165. Rozhodnete-li se nakupovat mra\u017een\u00e1 ku\u0159ec\u00ed stehna online, z\u00edsk\u00e1te pohodl\u00ed, v\u00fdb\u011br a \u010derstvost p\u0159i ka\u017ed\u00e9 objedn\u00e1vce. <a href=\"https:\/\/en.wikipedia.org\/wiki\/Chicken_feet\" target=\"_blank\" rel=\"noopener\">zmrazen\u00e9<\/a>.<\/p>\n<p>Nenechte si to uj\u00edt - objednejte si je\u0161t\u011b dnes online mra\u017een\u00e1 ku\u0159ec\u00ed steh\u00fdnka a poznejte jejich autentickou chu\u0165 a zdrav\u00ed prosp\u011b\u0161n\u00e9 \u00fa\u010dinky p\u0159\u00edmo ve va\u0161\u00ed kuchyni.<\/p>","protected":false},"excerpt":{"rendered":"<h4 style=\"text-align: center;\">Mra\u017een\u00e1 ku\u0159ec\u00ed stehna na prodej<\/h4>\n<hr \/>\n<p>Objevte na\u0161e mra\u017een\u00e1 ku\u0159ec\u00ed steh\u00fdnka, jedine\u010dnou ingredienci plnou chuti a kolagenu. Skv\u011ble se hod\u00ed k obohacen\u00ed pol\u00e9vek a du\u0161en\u00fdch pokrm\u016f.<a href=\"http:\/\/facebook.com\">,<\/a> tyto ku\u0159ec\u00ed no\u017ei\u010dky jsou zmrazeny, aby si zachovaly \u010derstvost a kvalitu. Jsou z\u00e1kladem mnoha kuchyn\u00ed a p\u0159edstavuj\u00ed v\u00fd\u017eivn\u00fd a chutn\u00fd dopln\u011bk k va\u0161im pokrm\u016fm. <a href=\"https:\/\/frozenchickenshop.com\/cs\/produkt\/frozen-chicken-breast-skinless\/\">j\u00eddla<\/a>. Objednejte si nyn\u00ed jedine\u010dn\u00fd kulin\u00e1\u0159sk\u00fd z\u00e1\u017eitek!<\/p>","protected":false},"featured_media":3328,"comment_status":"open","ping_status":"closed","template":"","meta":{"_joinchat":[]},"product_brand":[],"product_cat":[46],"product_tag":[],"class_list":{"0":"post-3307","1":"product","2":"type-product","3":"status-publish","4":"has-post-thumbnail","6":"product_cat-frozen-chicken","8":"first","9":"instock","10":"shipping-taxable","11":"purchasable","12":"product-type-variable","13":"has-default-attributes"},"_links":{"self":[{"href":"https:\/\/frozenchickenshop.com\/cs\/wp-json\/wp\/v2\/product\/3307","targetHints":{"allow":["GET"]}}],"collection":[{"href":"https:\/\/frozenchickenshop.com\/cs\/wp-json\/wp\/v2\/product"}],"about":[{"href":"https:\/\/frozenchickenshop.com\/cs\/wp-json\/wp\/v2\/types\/product"}],"replies":[{"embeddable":true,"href":"https:\/\/frozenchickenshop.com\/cs\/wp-json\/wp\/v2\/comments?post=3307"}],"version-history":[{"count":0,"href":"https:\/\/frozenchickenshop.com\/cs\/wp-json\/wp\/v2\/product\/3307\/revisions"}],"wp:featuredmedia":[{"embeddable":true,"href":"https:\/\/frozenchickenshop.com\/cs\/wp-json\/wp\/v2\/media\/3328"}],"wp:attachment":[{"href":"https:\/\/frozenchickenshop.com\/cs\/wp-json\/wp\/v2\/media?parent=3307"}],"wp:term":[{"taxonomy":"product_brand","embeddable":true,"href":"https:\/\/frozenchickenshop.com\/cs\/wp-json\/wp\/v2\/product_brand?post=3307"},{"taxonomy":"product_cat","embeddable":true,"href":"https:\/\/frozenchickenshop.com\/cs\/wp-json\/wp\/v2\/product_cat?post=3307"},{"taxonomy":"product_tag","embeddable":true,"href":"https:\/\/frozenchickenshop.com\/cs\/wp-json\/wp\/v2\/product_tag?post=3307"}],"curies":[{"name":"wp","href":"https:\/\/api.w.org\/{rel}","templated":true}]}}