{"id":3303,"date":"2024-09-12T09:52:36","date_gmt":"2024-09-12T09:52:36","guid":{"rendered":"https:\/\/frozenchickenshop.com\/final\/?post_type=product&#038;p=3303"},"modified":"2025-05-29T13:01:43","modified_gmt":"2025-05-29T13:01:43","slug":"frozen-chicken-breast-fillets","status":"publish","type":"product","link":"https:\/\/frozenchickenshop.com\/cs\/produkt\/frozen-chicken-breast-fillets\/","title":{"rendered":"Mra\u017een\u00e9 ku\u0159ec\u00ed prsn\u00ed \u0159\u00edzky na prodej"},"content":{"rendered":"<h1>Koupit mra\u017een\u00e9 ku\u0159ec\u00ed prsn\u00ed \u0159\u00edzky online: Kompletn\u00ed pr\u016fvodce<\/h1>\n<p>V dne\u0161n\u00edm rychl\u00e9m sv\u011bt\u011b se st\u00e1le v\u00edce z\u00e1kazn\u00edk\u016f obrac\u00ed k pohodln\u00e9mu doru\u010dov\u00e1n\u00ed potravin online - a mra\u017een\u00e9 maso je v \u010dele. Pokud hled\u00e1te <a href=\"https:\/\/frozenchickenshop.com\/cs\/produkt\/frozen-chicken-breast-fillets\/\">koupit Mra\u017een\u00e9 ku\u0159ec\u00ed prsn\u00ed \u0159\u00edzky online<\/a>, je to chytr\u00e1 volba jak z hlediska pohodl\u00ed, tak kvality.<\/p>\n<p>A\u0165 u\u017e si p\u0159ipravujete j\u00eddlo na cel\u00fd t\u00fdden, nebo pl\u00e1nujete rychlou rodinnou ve\u010de\u0159i, m\u00edt k dispozici pr\u00e9miov\u00e9 zmrazen\u00e9 ku\u0159ec\u00ed prsn\u00ed \u0159\u00edzky je pro v\u00e1s zm\u011bna.<\/p>\n<h3>Pro\u010d si vybrat mra\u017een\u00e9 ku\u0159ec\u00ed prsn\u00ed \u0159\u00edzky?<\/h3>\n<p>Mra\u017een\u00e9 ku\u0159ec\u00ed prsn\u00ed \u0159\u00edzky jsou individu\u00e1ln\u011b rychle zmrazen\u00e9 (IQF), \u010d\u00edm\u017e si uchov\u00e1vaj\u00ed \u010derstvost a chu\u0165 bez nutnosti pou\u017eit\u00ed konzerva\u010dn\u00edch l\u00e1tek.<\/p>\n<p>To znamen\u00e1, \u017ee si m\u016f\u017eete objednat zmrazen\u00e9 ku\u0159ec\u00ed prsn\u00ed \u0159\u00edzky online je\u0161t\u011b dnes a vychutnat si je kdykoli b\u011bhem n\u011bkolika m\u011bs\u00edc\u016f - \u017e\u00e1dn\u00fd odpad, \u017e\u00e1dn\u00fd sp\u011bch.<\/p>\n<h3>V\u00fd\u017eivov\u00e1 hodnota<\/h3>\n<p>Ku\u0159ec\u00ed prsn\u00ed \u0159\u00edzky s vysok\u00fdm obsahem libov\u00fdch b\u00edlkovin a n\u00edzk\u00fdm obsahem tuku podporuj\u00ed zdravou v\u00fd\u017eivu. Jsou ide\u00e1ln\u00ed pro fitness nad\u0161ence, rodiny a v\u0161echny, kte\u0159\u00ed cht\u011bj\u00ed p\u0159ipravovat v\u00fd\u017eivn\u00e1 j\u00eddla s minim\u00e1ln\u00ed n\u00e1mahou.<\/p>\n<h3>Snadn\u00e9 skladov\u00e1n\u00ed a pl\u00e1nov\u00e1n\u00ed j\u00eddel<\/h3>\n<p>D\u00edky jejich jednotn\u00e9 velikosti a tomu, \u017ee jsou bez k\u016f\u017ee a kost\u00ed, jsou ide\u00e1ln\u00ed pro p\u0159\u00edpravu pokrm\u016f. Jednodu\u0161e je ulo\u017ete do mraz\u00e1ku a rozmrazte, co pot\u0159ebujete - \u017e\u00e1dn\u00fd nepo\u0159\u00e1dek, \u017e\u00e1dn\u00e9 pot\u00ed\u017ee.<\/p>\n<h3>Faktory, kter\u00e9 je t\u0159eba zv\u00e1\u017eit p\u0159i n\u00e1kupu online | D\u016fv\u011bryhodn\u00ed prodejci a recenze z\u00e1kazn\u00edk\u016f<\/h3>\n<p>Hledejte dob\u0159e hodnocen\u00e9 platformy s dobrou pov\u011bst\u00ed. Ov\u011b\u0159en\u00e1 zp\u011btn\u00e1 vazba od z\u00e1kazn\u00edk\u016f v\u00e1m pom\u016f\u017ee vybrat si to nejlep\u0161\u00ed m\u00edsto pro n\u00e1kup mra\u017een\u00fdch ku\u0159ec\u00edch prsn\u00edch \u0159\u00edzk\u016f online a vyhnout se nekvalitn\u00edm dodavatel\u016fm.<\/p>\n<h3>Mo\u017enosti balen\u00ed a dod\u00e1n\u00ed<\/h3>\n<p>Vyberte si prodejce, kte\u0159\u00ed nab\u00edzej\u00ed izolovan\u00e9 obaly se such\u00fdm ledem nebo gelov\u00e9 obaly, aby ku\u0159ec\u00ed \u0159\u00edzky z\u016fstaly zmrazen\u00e9 od skladu a\u017e k v\u00e1m dom\u016f.<\/p>\n<p>Rychl\u00e9 mo\u017enosti p\u0159epravy jsou v\u00fdhodou.<\/p>\n<h3>Podrobnosti o produktu<\/h3>\n<p>V\u011bnujte pozornost kl\u00ed\u010dov\u00fdm detail\u016fm, jako jsou:<\/p>\n<ul>\n<li>P\u016fvod v\u00fdrobku (m\u00edstn\u00ed nebo dovezen\u00fd)<\/li>\n<li>Hmotnost jednoho filetu nebo balen\u00ed<\/li>\n<li>Certifik\u00e1ty (USDA, bez antibiotik atd.)<\/li>\n<\/ul>\n<h3>Kde koupit zmrazen\u00e9 ku\u0159ec\u00ed prsn\u00ed \u0159\u00edzky online<\/h3>\n<p>Zde jsou n\u011bkter\u00e1 z nejlep\u0161\u00edch m\u00edst, kde lze koupit zmrazen\u00e9 ku\u0159ec\u00ed prsn\u00ed \u0159\u00edzky:<\/p>\n<ul>\n<li><strong>Hlavn\u00ed potravin\u00e1\u0159sk\u00e9 \u0159et\u011bzce:<\/strong> Spole\u010dnosti Walmart, Kroger a Costco nab\u00edzej\u00ed konkurenceschopn\u00e9 ceny a spolehlivou p\u0159epravu.<\/li>\n<li><strong>Dodavatel\u00e9 speci\u00e1ln\u00edho masa:<\/strong> Internetov\u00e1 \u0159eznictv\u00ed a spole\u010dnosti zab\u00fdvaj\u00edc\u00ed se v\u00fdrobou bio masa \u010dasto nab\u00edzej\u00ed pr\u00e9miov\u00e9 kusy s transparentn\u00edm p\u016fvodem.<\/li>\n<li><strong>Online tr\u017ei\u0161t\u011b:<\/strong> Amazon Fresh a Instacart poskytuj\u00ed pohodl\u00ed a rychl\u00e9 doru\u010den\u00ed, zejm\u00e9na v p\u0159\u00edpad\u011b hromadn\u00fdch objedn\u00e1vek nebo objedn\u00e1vek na posledn\u00ed chv\u00edli.<\/li>\n<\/ul>\n<h3>Z\u00e1v\u011br<\/h3>\n<p>Mra\u017een\u00e9 ku\u0159ec\u00ed prsn\u00ed \u0159\u00edzky jsou chytrou, spolehlivou a v\u0161estrannou volbou b\u00edlkovin. Kdy\u017e si koup\u00edte mra\u017een\u00e9 ku\u0159ec\u00ed prsn\u00ed \u0159\u00edzky online, z\u00edsk\u00e1te p\u0159\u00edstup ke kvalitn\u00edmu masu bez nutnosti n\u00e1v\u0161t\u011bvy obchodu. Od cenov\u011b v\u00fdhodn\u00fdch mo\u017enost\u00ed a\u017e po pr\u00e9miov\u00e9 v\u00fdb\u011bry, online tr\u017ei\u0161t\u011b nab\u00edz\u00ed pro ka\u017ed\u00e9ho n\u011bco - \u010dasto za levnou cenu Mra\u017een\u00e9 ku\u0159ec\u00ed prsn\u00ed \u0159\u00edzky bez ob\u011btov\u00e1n\u00ed kvality. <a href=\"https:\/\/en.wikipedia.org\/wiki\/Chicken_as_food\" target=\"_blank\" rel=\"noopener\">ku\u0159e<\/a>.<\/p>\n<p>Jste p\u0159ipraveni zjednodu\u0161it si stravov\u00e1n\u00ed? Objednejte si je\u0161t\u011b dnes mra\u017een\u00e9 ku\u0159ec\u00ed prsn\u00ed \u0159\u00edzky online z d\u016fv\u011bryhodn\u00e9 platformy a zjist\u011bte, jak snadn\u00e9 m\u016f\u017ee b\u00fdt zdrav\u00e9 stravov\u00e1n\u00ed.<\/p>","protected":false},"excerpt":{"rendered":"<h4 style=\"text-align: center;\">Mra\u017een\u00e9 ku\u0159ec\u00ed prsn\u00ed \u0159\u00edzky na prodej<\/h4>\n<hr \/>\n<p>Vyzkou\u0161ejte na\u0161e pr\u00e9miov\u00e9 mra\u017een\u00e9 ku\u0159ec\u00ed prsn\u00ed \u0159\u00edzky, kter\u00e9 jsou skv\u011bl\u00fdm zdrojem libov\u00fdch b\u00edlkovin pro va\u0161e j\u00eddla. Tyto filety, kter\u00e9 jsou ide\u00e1ln\u00ed na grilov\u00e1n\u00ed, pe\u010den\u00ed nebo sma\u017een\u00ed, jsou jednotliv\u011b balen\u00e9 a zmrazen\u00e9, aby si zachovaly svou chu\u0165 a \u010derstvost.<a href=\"http:\/\/facebook.com\">.<\/a> U\u017e\u00edvejte si pohodl\u00ed a kvalitu \u0161pi\u010dkov\u00e9 technologie <a href=\"https:\/\/frozenchickenshop.com\/cs\/produkt\/frozen-chicken-drumstick-for-sale\/\">ku\u0159e<\/a> ve va\u0161ich receptech. Objednejte si je je\u0161t\u011b dnes a z\u00edskejte lahodn\u00fd a zdrav\u00fd dopln\u011bk do sv\u00e9 kuchyn\u011b!<\/p>","protected":false},"featured_media":3327,"comment_status":"open","ping_status":"closed","template":"","meta":{"_joinchat":[]},"product_brand":[],"product_cat":[46],"product_tag":[],"class_list":{"0":"post-3303","1":"product","2":"type-product","3":"status-publish","4":"has-post-thumbnail","6":"product_cat-frozen-chicken","8":"first","9":"instock","10":"shipping-taxable","11":"purchasable","12":"product-type-variable","13":"has-default-attributes"},"_links":{"self":[{"href":"https:\/\/frozenchickenshop.com\/cs\/wp-json\/wp\/v2\/product\/3303","targetHints":{"allow":["GET"]}}],"collection":[{"href":"https:\/\/frozenchickenshop.com\/cs\/wp-json\/wp\/v2\/product"}],"about":[{"href":"https:\/\/frozenchickenshop.com\/cs\/wp-json\/wp\/v2\/types\/product"}],"replies":[{"embeddable":true,"href":"https:\/\/frozenchickenshop.com\/cs\/wp-json\/wp\/v2\/comments?post=3303"}],"version-history":[{"count":0,"href":"https:\/\/frozenchickenshop.com\/cs\/wp-json\/wp\/v2\/product\/3303\/revisions"}],"wp:featuredmedia":[{"embeddable":true,"href":"https:\/\/frozenchickenshop.com\/cs\/wp-json\/wp\/v2\/media\/3327"}],"wp:attachment":[{"href":"https:\/\/frozenchickenshop.com\/cs\/wp-json\/wp\/v2\/media?parent=3303"}],"wp:term":[{"taxonomy":"product_brand","embeddable":true,"href":"https:\/\/frozenchickenshop.com\/cs\/wp-json\/wp\/v2\/product_brand?post=3303"},{"taxonomy":"product_cat","embeddable":true,"href":"https:\/\/frozenchickenshop.com\/cs\/wp-json\/wp\/v2\/product_cat?post=3303"},{"taxonomy":"product_tag","embeddable":true,"href":"https:\/\/frozenchickenshop.com\/cs\/wp-json\/wp\/v2\/product_tag?post=3303"}],"curies":[{"name":"wp","href":"https:\/\/api.w.org\/{rel}","templated":true}]}}