{"id":3294,"date":"2024-09-12T09:52:36","date_gmt":"2024-09-12T09:52:36","guid":{"rendered":"https:\/\/frozenchickenshop.com\/final\/?post_type=product&#038;p=3294"},"modified":"2025-05-29T13:02:06","modified_gmt":"2025-05-29T13:02:06","slug":"frozen-chicken-thigh-for-sale","status":"publish","type":"product","link":"https:\/\/frozenchickenshop.com\/cs\/produkt\/frozen-chicken-thigh-for-sale\/","title":{"rendered":"Mra\u017een\u00e1 ku\u0159ec\u00ed stehna na prodej"},"content":{"rendered":"<h1>Koupit mra\u017een\u00e1 ku\u0159ec\u00ed stehna online - k\u0159ehk\u00e1, chutn\u00e1 a pohodln\u00e1<\/h1>\n<p>Zjist\u011bte pro\u010d <a href=\"https:\/\/frozenchickenshop.com\/cs\/produkt\/frozen-chicken-thigh-for-sale\/\">koupit Mra\u017een\u00e1 ku\u0159ec\u00ed stehna online<\/a> se staly z\u00e1kladem pro chytr\u00e9 z\u00e1kazn\u00edky v cel\u00e9 zemi. S rozmachem online nakupov\u00e1n\u00ed masa se st\u00e1le v\u00edce lid\u00ed obrac\u00ed k pohodln\u00e9mu a kvalitn\u00edmu n\u00e1kupu sv\u00fdch obl\u00edben\u00fdch kus\u016f, jako jsou ku\u0159ec\u00ed stehna, z d\u016fv\u011bryhodn\u00fdch online zdroj\u016f. A\u0165 u\u017e p\u0159ipravujete j\u00eddlo, krm\u00edte rodinu nebo hled\u00e1te univerz\u00e1ln\u00ed b\u00edlkoviny, tato mra\u017een\u00e1 stehna poskytuj\u00ed bezkonkuren\u010dn\u00ed chu\u0165, k\u0159ehkost a hodnotu.<\/p>\n<h3>\u010c\u00edm jsou ku\u0159ec\u00ed stehna v\u00fdjime\u010dn\u00e1?<\/h3>\n<p>Ku\u0159ec\u00ed stehna vynikaj\u00ed bohat\u00fdm, \u0161\u0165avnat\u00fdm tmav\u00fdm masem, kter\u00e9 z\u016fst\u00e1v\u00e1 p\u0159i va\u0159en\u00ed vlhk\u00e9 a aromatick\u00e9. Mra\u017een\u00e1 ku\u0159ec\u00ed stehna jsou k dispozici ve variant\u00e1ch s kost\u00ed nebo bez kosti a s k\u016f\u017e\u00ed nebo bez k\u016f\u017ee a nab\u00edzej\u00ed univerz\u00e1ln\u00ed mo\u017enosti pro ka\u017ed\u00fd recept. Od vydatn\u00fdch du\u0161en\u00fdch pokrm\u016f p\u0159es pikantn\u00ed pe\u010den\u011b a\u017e po kou\u0159ov\u00e9 grilovan\u00e9 pochoutky - stehna se dokonale p\u0159izp\u016fsob\u00ed r\u016fzn\u00fdm styl\u016fm va\u0159en\u00ed a kuchyn\u00edm.<\/p>\n<h3>V\u00fdhody n\u00e1kupu zmrazen\u00fdch ku\u0159ec\u00edch stehen online<\/h3>\n<p>Nakupovat mra\u017een\u00e1 ku\u0159ec\u00ed stehna online znamen\u00e1 u\u017e\u00edvat si:<\/p>\n<ul>\n<li><strong>Pohodl\u00ed a \u00faspora \u010dasu:<\/strong> P\u0159esko\u010dte fronty v obchodech a nechte si doru\u010dit \u010derstv\u011b zmrazen\u00e9 ku\u0159e a\u017e ke dve\u0159\u00edm.<\/li>\n<li><strong>Lep\u0161\u00ed nab\u00eddky a hromadn\u00e9 mo\u017enosti:<\/strong> Z\u00edskejte p\u0159\u00edstup ke konkuren\u010dn\u00edm cen\u00e1m a nakupujte ve velk\u00e9m, abyste u\u0161et\u0159ili pen\u00edze a sn\u00ed\u017eili po\u010det \u010dast\u00fdch n\u00e1v\u0161t\u011bv obchodu.<\/li>\n<li><strong>Zaru\u010den\u00e1 \u010derstvost:<\/strong> Vakuov\u011b uzav\u0159en\u00e9, individu\u00e1ln\u011b rychle zmrazen\u00e9 (IQF) balen\u00ed zaji\u0161\u0165uje, \u017ee si ku\u0159ec\u00ed maso zachov\u00e1 optim\u00e1ln\u00ed chu\u0165 a strukturu a\u017e do doby, kdy je p\u0159ipraveno k va\u0159en\u00ed.<\/li>\n<\/ul>\n<h3>Na co se zam\u011b\u0159it p\u0159i objedn\u00e1v\u00e1n\u00ed mra\u017een\u00fdch ku\u0159ec\u00edch stehen<\/h3>\n<p>Ujist\u011bte se, \u017ee jste si vybrali tu nejlep\u0161\u00ed kvalitu, a zkontrolujte, zda:<\/p>\n<ul>\n<li>Certifikace USDA a jasn\u00e9 zna\u010den\u00ed<\/li>\n<li>Ekologick\u00e9 produkty nebo produkty bez antibiotik pro zdrav\u011bj\u0161\u00ed v\u00fdb\u011br<\/li>\n<li>Vykost\u011bn\u00e9 a nevykost\u011bn\u00e9 kusy, podle toho, co preferujete p\u0159i va\u0159en\u00ed.<\/li>\n<li>Recenze z\u00e1kazn\u00edk\u016f a transparentnost zdroj\u016f pro d\u016fv\u011bryhodn\u00e9 prodejce<\/li>\n<\/ul>\n<h3>Kde naj\u00edt zmrazen\u00e1 ku\u0159ec\u00ed stehna na prodej<\/h3>\n<p>P\u0159edn\u00ed online platformy, jako je Amazon Fresh, ButcherBox a r\u016fzn\u00e9 m\u00edstn\u00ed rozv\u00e1\u017ekov\u00e9 slu\u017eby, nab\u00edzej\u00ed \u0161irok\u00fd v\u00fdb\u011br mra\u017een\u00fdch ku\u0159ec\u00edch stehen. Tyto platformy poskytuj\u00ed rychlou dopravu, z\u00e1ruky kvality a jedny z nejlep\u0161\u00edch cen mra\u017een\u00fdch ku\u0159ec\u00edch stehen na trhu, co\u017e z nich \u010din\u00ed nejlep\u0161\u00ed m\u00edsto pro n\u00e1kup mra\u017een\u00fdch ku\u0159ec\u00edch stehen online.<\/p>\n<h3>Objednejte si mra\u017een\u00e1 ku\u0159ec\u00ed stehna online je\u0161t\u011b dnes!<\/h3>\n<p>Mra\u017een\u00e1 ku\u0159ec\u00ed stehna s nep\u0159ekonatelnou chut\u00ed, p\u0159ijatelnou cenou a bezprobl\u00e9mov\u00fdm online nakupov\u00e1n\u00edm jsou ide\u00e1ln\u00ed volbou b\u00edlkovin pro va\u0161e dal\u0161\u00ed j\u00eddlo. Nenechte si uj\u00edt snadn\u00fd n\u00e1kup mra\u017een\u00fdch ku\u0159ec\u00edch stehen online - prozkoumejte nejlep\u0161\u00ed prodejce, porovnejte ceny a objednejte si je\u0161t\u011b dnes \u010derstv\u00e9 a chutn\u00e9 ku\u0159ec\u00ed maso p\u0159\u00edmo do va\u0161\u00ed kuchyn\u011b. <a href=\"https:\/\/en.wikipedia.org\/wiki\/Chicken_as_food\" target=\"_blank\" rel=\"noopener\">ku\u0159e<\/a>.<\/p>","protected":false},"excerpt":{"rendered":"<h3 style=\"text-align: center;\">Mra\u017een\u00e1 ku\u0159ec\u00ed stehna na prodej<\/h3>\n<hr \/>\n<p>Vychutnejte si na\u0161e pr\u00e9miov\u00e9 mra\u017een\u00e9 <a href=\"https:\/\/frozenchickenshop.com\/cs\/produkt\/chicken-leg-quarter-for-sale\/\">ku\u0159e<\/a> stehna, kter\u00e1 jsou zn\u00e1m\u00e1 svou k\u0159ehkost\u00ed a \u0161\u0165avnatou strukturou. Tato stehna jsou ide\u00e1ln\u00ed na grilov\u00e1n\u00ed, pe\u010den\u00ed nebo pomal\u00e9 va\u0159en\u00ed a dod\u00e1vaj\u00ed se zmrazen\u00e1, aby si zachovala p\u0159irozenou chu\u0165 a \u010derstvost. V\u0161estrann\u00e1 volba pro r\u016fzn\u00e1 j\u00eddla<a href=\"http:\/\/facebook.com\">,<\/a> v\u017edy nab\u00edz\u00ed skv\u011blou chu\u0165 a kvalitu!<\/p>","protected":false},"featured_media":3323,"comment_status":"open","ping_status":"closed","template":"","meta":{"_joinchat":[]},"product_brand":[],"product_cat":[46],"product_tag":[],"class_list":{"0":"post-3294","1":"product","2":"type-product","3":"status-publish","4":"has-post-thumbnail","6":"product_cat-frozen-chicken","8":"first","9":"instock","10":"shipping-taxable","11":"purchasable","12":"product-type-variable","13":"has-default-attributes"},"_links":{"self":[{"href":"https:\/\/frozenchickenshop.com\/cs\/wp-json\/wp\/v2\/product\/3294","targetHints":{"allow":["GET"]}}],"collection":[{"href":"https:\/\/frozenchickenshop.com\/cs\/wp-json\/wp\/v2\/product"}],"about":[{"href":"https:\/\/frozenchickenshop.com\/cs\/wp-json\/wp\/v2\/types\/product"}],"replies":[{"embeddable":true,"href":"https:\/\/frozenchickenshop.com\/cs\/wp-json\/wp\/v2\/comments?post=3294"}],"version-history":[{"count":0,"href":"https:\/\/frozenchickenshop.com\/cs\/wp-json\/wp\/v2\/product\/3294\/revisions"}],"wp:featuredmedia":[{"embeddable":true,"href":"https:\/\/frozenchickenshop.com\/cs\/wp-json\/wp\/v2\/media\/3323"}],"wp:attachment":[{"href":"https:\/\/frozenchickenshop.com\/cs\/wp-json\/wp\/v2\/media?parent=3294"}],"wp:term":[{"taxonomy":"product_brand","embeddable":true,"href":"https:\/\/frozenchickenshop.com\/cs\/wp-json\/wp\/v2\/product_brand?post=3294"},{"taxonomy":"product_cat","embeddable":true,"href":"https:\/\/frozenchickenshop.com\/cs\/wp-json\/wp\/v2\/product_cat?post=3294"},{"taxonomy":"product_tag","embeddable":true,"href":"https:\/\/frozenchickenshop.com\/cs\/wp-json\/wp\/v2\/product_tag?post=3294"}],"curies":[{"name":"wp","href":"https:\/\/api.w.org\/{rel}","templated":true}]}}