{"id":3291,"date":"2024-09-12T09:52:36","date_gmt":"2024-09-12T09:52:36","guid":{"rendered":"https:\/\/frozenchickenshop.com\/final\/?post_type=product&#038;p=3291"},"modified":"2025-05-29T13:02:11","modified_gmt":"2025-05-29T13:02:11","slug":"whole-frozen-chicken-for-sale","status":"publish","type":"product","link":"https:\/\/frozenchickenshop.com\/cs\/produkt\/whole-frozen-chicken-for-sale\/","title":{"rendered":"Cel\u00e9 zmrazen\u00e9 ku\u0159e na prodej"},"content":{"rendered":"<h1>Koupit cel\u00e9 mra\u017een\u00e9 ku\u0159e online - \u010derstv\u00e9 chut\u011b z farmy, dodan\u00e9 v mra\u017een\u00e9m stavu pro va\u0161e pohodl\u00ed<\/h1>\n<p>P\u0159i pohledu na <a href=\"https:\/\/frozenchickenshop.com\/cs\/produkt\/whole-frozen-chicken-for-sale\/\">koupit Cel\u00e9 mra\u017een\u00e9 ku\u0159e online<\/a> pro p\u0159\u00ed\u0161t\u00ed vydatnou rodinnou ve\u010de\u0159i nebo p\u0159\u00edpravu j\u00eddla? Na\u0161e prvot\u0159\u00eddn\u00ed cel\u00e1 mra\u017een\u00e1 ku\u0159ata na prodej jsou bleskov\u011b zmrazena v nejvy\u0161\u0161\u00ed \u010derstvosti a pe\u010dliv\u011b zabalena pro bezpe\u010dn\u00e9 dod\u00e1n\u00ed v chladic\u00edm \u0159et\u011bzci p\u0159\u00edmo do va\u0161\u00ed kuchyn\u011b. A\u0165 u\u017e budete p\u00e9ct, grilovat nebo pomalu va\u0159it, toto zcela p\u0159\u00edrodn\u00ed ku\u0159e nab\u00edz\u00ed bezkonkuren\u010dn\u00ed hodnotu, bohatou chu\u0165 a v\u0161estrannost, kterou pot\u0159ebuje ka\u017ed\u00fd dom\u00e1c\u00ed kucha\u0159.<\/p>\n<h3>Pro\u010d je chytr\u00fd n\u00e1kup cel\u00e9ho mra\u017een\u00e9ho ku\u0159ete<\/h3>\n<p>Cel\u00e9 ku\u0159e nen\u00ed jen skv\u011bl\u00e9 j\u00eddlo - je to z\u00e1klad kuchyn\u011b. Kdy\u017e ho koup\u00edte cel\u00e9, m\u016f\u017eete vyu\u017e\u00edt v\u0161echny jeho \u010d\u00e1sti, od \u0161\u0165avnat\u00e9ho masa z prsou a\u017e po aromatick\u00e9 kosti, kter\u00e9 jsou ide\u00e1ln\u00ed pro dom\u00e1c\u00ed v\u00fdvar. Je to cenov\u011b v\u00fdhodn\u00fd zp\u016fsob, jak uva\u0159it j\u00eddlo pro celou rodinu nebo p\u0159ipravit j\u00eddlo na cel\u00fd t\u00fdden.<\/p>\n<p>Mra\u017een\u00e9 ku\u0159ec\u00ed maso m\u00e1 nav\u00edc dlouhou trvanlivost a nevznik\u00e1 p\u0159i n\u011bm \u017e\u00e1dn\u00fd odpad. Jednodu\u0161e rozmrazte, uva\u0159te a pochutnejte si.<\/p>\n<h3>Mra\u017een\u00e9 vs. \u010derstv\u00e9 - pro\u010d mra\u017een\u00e9?<\/h3>\n<p>Na\u0161e ku\u0159ata jsou ihned po zpracov\u00e1n\u00ed bleskov\u011b zmra\u017eena, \u010d\u00edm\u017e se v nich uchov\u00e1vaj\u00ed p\u0159\u00edrodn\u00ed \u0161\u0165\u00e1vy a \u017eiviny. To znamen\u00e1, \u017ee:<\/p>\n<ul>\n<li>Nen\u00ed t\u0159eba sp\u011bchat s va\u0159en\u00edm - bezpe\u010dn\u011b se skladuje n\u011bkolik m\u011bs\u00edc\u016f<\/li>\n<li>\u010cerstv\u011bj\u0161\u00ed ne\u017e \"\u010derstv\u00e9\" v\u00fdrobky, kter\u00e9 le\u017e\u00ed na pultech obchod\u016f.<\/li>\n<li>Bezpe\u010dn\u011bj\u0161\u00ed manipulace, p\u0159eprava a skladov\u00e1n\u00ed<\/li>\n<\/ul>\n<p>Kdy\u017e si objedn\u00e1te cel\u00e9 mra\u017een\u00e9 ku\u0159e online, vol\u00edte kvalitu, pohodl\u00ed a klid.<\/p>\n<h3>Na co se zam\u011b\u0159it p\u0159i n\u00e1kupu online<\/h3>\n<p>Ne v\u0161echna mra\u017een\u00e1 ku\u0159ata jsou stejn\u00e1. Tady je popis toho, v \u010dem na\u0161e ku\u0159ata vynikaj\u00ed:<\/p>\n<ul>\n<li>Mo\u017enosti velikosti a hmotnosti pro ka\u017edou dom\u00e1cnost<\/li>\n<li>Vakuov\u011b uzav\u0159en\u00e9 balen\u00ed pro dlouhotrvaj\u00edc\u00ed \u010derstvost<\/li>\n<li>Z\u0159eteln\u011b ozna\u010den\u00e9 certifik\u00e1ty USDA, halal nebo bez antibiotik.<\/li>\n<li>Zodpov\u011bdn\u011b chovan\u00e9 bez p\u0159idan\u00fdch hormon\u016f a konzerva\u010dn\u00edch l\u00e1tek<\/li>\n<\/ul>\n<p>Na\u0161e cel\u00e1 mra\u017een\u00e1 ku\u0159ata jsou pe\u010dliv\u011b vyb\u00edr\u00e1na tak, aby spl\u0148ovala vysok\u00e9 standardy - proto\u017ee va\u0161e rodina si nic jin\u00e9ho nezaslou\u017e\u00ed.<\/p>\n<h3>Kde koupit cel\u00e9 zmrazen\u00e9 ku\u0159e online<\/h3>\n<p>Zaj\u00edm\u00e1 v\u00e1s, kde nejl\u00e9pe koupit cel\u00e9 mra\u017een\u00e9 ku\u0159e? Usnadnili jsme v\u00e1m nakupov\u00e1n\u00ed na internetu. Na\u0161e produkty najdete na:<\/p>\n<ul>\n<li>Velc\u00ed prodejci potravin, jako jsou Walmart, Kroger a Costco.<\/li>\n<li>Online \u0159eznictv\u00ed specializuj\u00edc\u00ed se na vysoce kvalitn\u00ed maso<\/li>\n<li>M\u00edstn\u00ed farmy a ekologi\u010dt\u00ed dodavatel\u00e9 nab\u00edzej\u00edc\u00ed dod\u00e1vky z farmy do domu<\/li>\n<li>tr\u017ei\u0161t\u011b jako Amazon Fresh nebo Instacart pro rychl\u00e9 a flexibiln\u00ed objedn\u00e1v\u00e1n\u00ed.<\/li>\n<\/ul>\n<p>A\u0165 u\u017e nakupujete kdekoli, m\u016f\u017eete se t\u011b\u0161it na spolehlivou p\u0159epravu, bezpe\u010dn\u00e9 mra\u017een\u00e9 obaly a p\u0159ijateln\u00e9 ceny - ano, dokonce i na levn\u00e9 Cel\u00e9 mra\u017een\u00e9 ku\u0159e.<\/p>\n<h3>Z\u00e1v\u011br: Jeden pt\u00e1k, nekone\u010dn\u00e9 mo\u017enosti<\/h3>\n<p>Na\u0161e cel\u00e1 mra\u017een\u00e1 ku\u0159ata jsou spolehlivou, chutnou a v\u00fd\u017eivnou volbou - od ned\u011bln\u00edch ve\u010de\u0159\u00ed a\u017e po zdrav\u00e9 t\u00fddenn\u00ed p\u0159\u00edpravy j\u00eddel. Nab\u00edz\u00ed hodnotu, rozmanitost a snadn\u00e9 objedn\u00e1n\u00ed online - to v\u0161e bez ztr\u00e1ty kvality. <a href=\"https:\/\/en.wikipedia.org\/wiki\/Chicken_as_food\" target=\"_blank\" rel=\"noopener\">chickenshop<\/a>.<\/p>\n<p>Tak pro\u010d \u010dekat? Kupte si cel\u00e9 mra\u017een\u00e9 ku\u0159e online je\u0161t\u011b dnes a p\u0159ineste si na sv\u016fj st\u016fl chu\u0165 zdrav\u00e9 a \u010derstv\u00e9 dr\u016fbe\u017ee z farmy - podle sv\u00fdch \u010dasov\u00fdch mo\u017enost\u00ed a v r\u00e1mci sv\u00e9ho rozpo\u010dtu.<\/p>","protected":false},"excerpt":{"rendered":"<h3 style=\"text-align: center;\">Cel\u00e9 zmrazen\u00e9 ku\u0159e na prodej<\/h3>\n<hr \/>\n<p>Na\u0161e cel\u00e1 mra\u017een\u00e1 ku\u0159ata na prodej jsou pe\u010dliv\u011b z\u00edsk\u00e1v\u00e1na z d\u016fv\u011bryhodn\u00fdch farem, co\u017e zaru\u010duje \u010derstvost a vysokou kvalitu. Dod\u00e1v\u00e1 se zmrazen\u00e9, aby si uchovalo \u017eiviny a chu\u0165, a je tak ide\u00e1ln\u00ed pro p\u0159\u00edpravu v\u00fd\u017eivn\u00fdch pokrm\u016f. Vychutnejte si k\u0159ehk\u00e9 a \u0161\u0165avnat\u00e9 ku\u0159e, kter\u00e9 je pohodln\u00e9 a snadno se p\u0159ipravuje. Ide\u00e1ln\u00ed pro grilov\u00e1n\u00ed, <a href=\"https:\/\/frozenchickenshop.com\/cs\/produkt\/frozen-chicken-breast-fillets\/\">pe\u010den\u00ed<\/a>nebo jak\u00fdkoli recept vy\u017eaduj\u00edc\u00ed prvot\u0159\u00eddn\u00ed ku\u0159ec\u00ed maso. Objednejte si je\u0161t\u011b dnes a z\u00edskejte zdrav\u00fd a chutn\u00fd dopln\u011bk sv\u00fdch j\u00eddel!<\/p>","protected":false},"featured_media":3320,"comment_status":"open","ping_status":"closed","template":"","meta":{"_joinchat":[]},"product_brand":[],"product_cat":[46],"product_tag":[],"class_list":{"0":"post-3291","1":"product","2":"type-product","3":"status-publish","4":"has-post-thumbnail","6":"product_cat-frozen-chicken","8":"first","9":"instock","10":"shipping-taxable","11":"purchasable","12":"product-type-variable","13":"has-default-attributes"},"_links":{"self":[{"href":"https:\/\/frozenchickenshop.com\/cs\/wp-json\/wp\/v2\/product\/3291","targetHints":{"allow":["GET"]}}],"collection":[{"href":"https:\/\/frozenchickenshop.com\/cs\/wp-json\/wp\/v2\/product"}],"about":[{"href":"https:\/\/frozenchickenshop.com\/cs\/wp-json\/wp\/v2\/types\/product"}],"replies":[{"embeddable":true,"href":"https:\/\/frozenchickenshop.com\/cs\/wp-json\/wp\/v2\/comments?post=3291"}],"version-history":[{"count":0,"href":"https:\/\/frozenchickenshop.com\/cs\/wp-json\/wp\/v2\/product\/3291\/revisions"}],"wp:featuredmedia":[{"embeddable":true,"href":"https:\/\/frozenchickenshop.com\/cs\/wp-json\/wp\/v2\/media\/3320"}],"wp:attachment":[{"href":"https:\/\/frozenchickenshop.com\/cs\/wp-json\/wp\/v2\/media?parent=3291"}],"wp:term":[{"taxonomy":"product_brand","embeddable":true,"href":"https:\/\/frozenchickenshop.com\/cs\/wp-json\/wp\/v2\/product_brand?post=3291"},{"taxonomy":"product_cat","embeddable":true,"href":"https:\/\/frozenchickenshop.com\/cs\/wp-json\/wp\/v2\/product_cat?post=3291"},{"taxonomy":"product_tag","embeddable":true,"href":"https:\/\/frozenchickenshop.com\/cs\/wp-json\/wp\/v2\/product_tag?post=3291"}],"curies":[{"name":"wp","href":"https:\/\/api.w.org\/{rel}","templated":true}]}}